{"id":482,"date":"2023-07-20T17:55:16","date_gmt":"2023-07-20T15:55:16","guid":{"rendered":"https:\/\/liskiava.lt\/wordpress_V\/?page_id=482"},"modified":"2024-02-20T15:13:17","modified_gmt":"2024-02-20T13:13:17","slug":"naujienos","status":"publish","type":"page","link":"https:\/\/liskiava.lt\/wordpress_V\/naujienos\/","title":{"rendered":"Naujienos"},"content":{"rendered":"\n<div class=\"wp-block-cover alignfull has-huge-font-size\" style=\"min-height:247px\"><span aria-hidden=\"true\" class=\"wp-block-cover__background has-background-dim-30 has-background-dim\"><\/span><img loading=\"lazy\" decoding=\"async\" width=\"2720\" height=\"1530\" class=\"wp-block-cover__image-background wp-image-438\" alt=\"\" src=\"https:\/\/liskiava.lt\/wordpress_V\/wp-content\/uploads\/2023\/07\/liskiava.004.png\" style=\"object-position:70% 76%\" data-object-fit=\"cover\" data-object-position=\"70% 76%\"\/><div class=\"wp-block-cover__inner-container is-layout-flow wp-block-cover-is-layout-flow\">\n<p class=\"has-text-align-center has-huge-font-size\">Naujienos<\/p>\n<\/div><\/div>\n\n\n\n<div class=\"wp-block-query is-layout-flow wp-block-query-is-layout-flow\"><ul class=\"wp-block-post-template is-layout-flow wp-block-post-template-is-layout-flow\"><li class=\"wp-block-post post-876 post type-post status-publish format-standard hentry category-uncategorized entry\">\n<h2 class=\"has-link-color has-text-color has-foreground-color wp-block-post-title wp-elements-aa15f6cf86027705a394dd25b5312b84\"><a href=\"https:\/\/liskiava.lt\/wordpress_V\/2023\/12\/30\/kaledines-vakarones-akimirkos\/\" target=\"_self\" >Kal\u0117din\u0117s vakaron\u0117s akimirkos<\/a><\/h2>\n\n\n\n<div class=\"wp-block-post-excerpt\"><p class=\"wp-block-post-excerpt__excerpt\">Kal\u0117din\u0117s vakaron\u0117s akimirkos. D\u0117kojame visiems u\u017e dalyvavim\u0105. D\u0117kojame Alvydui Luko\u0161evi\u010diui u\u017e sustabdytas vakaron\u0117s akimirkas. Visiems prasming\u0173 art\u0117jan\u010di\u0173 Nauj\u0173j\u0173 Met\u0173 ir visi esate laukiami m\u016bs\u0173 centre 2024 metais.<\/p><p class=\"wp-block-post-excerpt__more-text\"><a class=\"wp-block-post-excerpt__more-link\" href=\"https:\/\/liskiava.lt\/wordpress_V\/2023\/12\/30\/kaledines-vakarones-akimirkos\/\">Pla\u010diau&#8230;<\/a><\/p><\/div>\n\n\n<hr class=\"wp-block-separator has-css-opacity\"\/>\n\n\n<div class=\"wp-block-post-date\"><time datetime=\"2023-12-30T12:23:23+02:00\">30 gruod\u017eio, 2023<\/time><\/div>\n<\/li><li class=\"wp-block-post post-871 post type-post status-publish format-standard hentry category-uncategorized entry\">\n<h2 class=\"has-link-color has-text-color has-foreground-color wp-block-post-title wp-elements-aa15f6cf86027705a394dd25b5312b84\"><a href=\"https:\/\/liskiava.lt\/wordpress_V\/2023\/12\/25\/kaledinis-sveikinimas\/\" target=\"_self\" >Kal\u0117dinis sveikinimas<\/a><\/h2>\n\n\n\n<div class=\"wp-block-post-excerpt\"><p class=\"wp-block-post-excerpt__excerpt\">\u0160v. Kal\u0117dos lai nuskaidrina J\u016bs\u0173 kasdienyb\u0119 pa\u010diomis gra\u017eiausiomis akimirkomis ir dovanoja daug \u012fkv\u0117pimo ateinantiems metams. D\u0117kojame u\u017e \u0161i\u0173 met\u0173 bendryst\u0119 ir lauksime sugr\u012f\u017etant 2024 metais.<\/p><p class=\"wp-block-post-excerpt__more-text\"><a class=\"wp-block-post-excerpt__more-link\" href=\"https:\/\/liskiava.lt\/wordpress_V\/2023\/12\/25\/kaledinis-sveikinimas\/\">Pla\u010diau&#8230;<\/a><\/p><\/div>\n\n\n<hr class=\"wp-block-separator has-css-opacity\"\/>\n\n\n<div class=\"wp-block-post-date\"><time datetime=\"2023-12-25T12:16:52+02:00\">25 gruod\u017eio, 2023<\/time><\/div>\n<\/li><\/ul><\/div>\n","protected":false},"excerpt":{"rendered":"","protected":false},"author":108388575,"featured_media":0,"parent":0,"menu_order":0,"comment_status":"closed","ping_status":"closed","template":"","meta":{"footnotes":""},"_links":{"self":[{"href":"https:\/\/liskiava.lt\/wordpress_V\/wp-json\/wp\/v2\/pages\/482"}],"collection":[{"href":"https:\/\/liskiava.lt\/wordpress_V\/wp-json\/wp\/v2\/pages"}],"about":[{"href":"https:\/\/liskiava.lt\/wordpress_V\/wp-json\/wp\/v2\/types\/page"}],"author":[{"embeddable":true,"href":"https:\/\/liskiava.lt\/wordpress_V\/wp-json\/wp\/v2\/users\/108388575"}],"replies":[{"embeddable":true,"href":"https:\/\/liskiava.lt\/wordpress_V\/wp-json\/wp\/v2\/comments?post=482"}],"version-history":[{"count":23,"href":"https:\/\/liskiava.lt\/wordpress_V\/wp-json\/wp\/v2\/pages\/482\/revisions"}],"predecessor-version":[{"id":925,"href":"https:\/\/liskiava.lt\/wordpress_V\/wp-json\/wp\/v2\/pages\/482\/revisions\/925"}],"wp:attachment":[{"href":"https:\/\/liskiava.lt\/wordpress_V\/wp-json\/wp\/v2\/media?parent=482"}],"curies":[{"name":"wp","href":"https:\/\/api.w.org\/{rel}","templated":true}]}}