{"id":481,"date":"2023-07-20T17:55:15","date_gmt":"2023-07-20T15:55:15","guid":{"rendered":"https:\/\/liskiava.lt\/wordpress_V\/?page_id=481"},"modified":"2024-02-20T15:16:59","modified_gmt":"2024-02-20T13:16:59","slug":"istorija","status":"publish","type":"page","link":"https:\/\/liskiava.lt\/wordpress_V\/istorija\/","title":{"rendered":"Istorija"},"content":{"rendered":"\n<div class=\"wp-block-cover alignfull\" style=\"min-height:306px\"><span aria-hidden=\"true\" class=\"wp-block-cover__background has-background-dim\"><\/span><img loading=\"lazy\" decoding=\"async\" width=\"5184\" height=\"3456\" class=\"wp-block-cover__image-background wp-image-11\" alt=\"\" src=\"https:\/\/liskiava.lt\/wordpress_V\/wp-content\/uploads\/2023\/04\/img_2627.jpg\" style=\"object-position:50% 28%\" data-object-fit=\"cover\" data-object-position=\"50% 28%\"\/><div class=\"wp-block-cover__inner-container is-layout-constrained wp-block-cover-is-layout-constrained\">\n<p class=\"has-text-align-center has-huge-font-size\">Istorija<\/p>\n<\/div><\/div>\n\n\n\n<div class=\"wp-block-columns alignfull is-layout-flex wp-container-core-columns-layout-1 wp-block-columns-is-layout-flex\">\n<div class=\"wp-block-column is-layout-flow wp-block-column-is-layout-flow\" style=\"flex-basis:15%\"><\/div>\n\n\n\n<div class=\"wp-block-column is-layout-flow wp-block-column-is-layout-flow\" style=\"flex-basis:70%\">\n<p>Li\u0161kiava ra\u0161ytiniuose \u0161altiniuose prad\u0117ta min\u0117ti nuo 1044 met\u0173. \u017dmon\u0117s dabartin\u0117s Li\u0161kiavos apylink\u0117se gyveno jau antrame t\u016bkstantmetyje prie\u0161 Krist\u0173. Pirmoji nedidel\u0117 medin\u0117 parapijos ba\u017eny\u010dia Li\u0161kiavoje pastatyta 1450 m. Pabr\u0117\u017etina, kad dominikonams Li\u0161kiavos parapija niekada nepriklaus\u0117. Vis\u0105 laik\u0105 parapija tur\u0117jo savo ba\u017eny\u010di\u0105 ir klebon\u0105.&nbsp;1697 m. baland\u017eio 22 d. Vladislovas Jurgis Kosyla su \u017emona Kristina visus savo turtus testamentu u\u017era\u0161\u0117 dominikon\u0173 vienuolynui, kad \u0161is melst\u0173si u\u017e mirus\u012f vienintel\u012f s\u016bn\u0173 Florijon\u0105 ir u\u017e j\u012f pat\u012f su \u017emona. Pasitar\u0119s su Sein\u0173 dominikonais, Vladislovas Jurgis Kosyla nutar\u0117 Li\u0161kiavoje \u012fsteigti nauj\u0105 dominikon\u0173 vienuolyn\u0105 ir pastatyti \u0160v\u010d. Trejyb\u0117s garbei skirt\u0105 ba\u017eny\u010di\u0105. Testament\u0105 1699 m. rugpj\u016b\u010dio 17 d. patvirtino Lietuvos didysis kunigaik\u0161tis Augustas I. 1699 m. i\u0161 Sein\u0173 \u012f Li\u0161kiav\u0105 atvyko \u0161e\u0161i dominikonai ir apsigyveno Li\u0161kiavos dvaro r\u016bmuose. Ta\u010diau Kosylos gimin\u0117s nebuvo jiems svetingi. Pirmieji atvyk\u0119 dominikonai buvo sumu\u0161ti ir i\u0161 Li\u0161kiavos i\u0161vyti. Ir tik 1703 m. vyriausiasis Lietuvos tribunolas gr\u0105\u017eino dominikonams paveld\u0117tus turtus, ir jie tvirtai \u012fsik\u016br\u0117 Li\u0161kiavoje.<\/p>\n\n\n\n<p>Dominikonai pasistatydino verting\u0105 XVII a. v\u0117lyvojo baroko architekt\u016brin\u012f ansambl\u012f. Ba\u017eny\u010dios ir vienuolyno ansamblis prad\u0117tas statyti 1703 m. ir visi\u0161kai u\u017ebaigtas 1741 m. \u0160\u012f ansambl\u012f \u0117m\u0117si statyti Li\u0161kiavos dominikon\u0173 vyresnysis (prijoras) t\u0117vas Remigijus Masalskis. Buvo pastatytas dviej\u0173 auk\u0161t\u0173 m\u016brinis vienuolynas su dideliais r\u016bsiais. Prie\u0161ais vienuolyn\u0105 stov\u0117jo svirnas. Prie vienuolyno \u2013 \u0161eimyntrob\u0117, skalbykla ir \u016bkiniai pastatai. Platus kiemas aptvertas auk\u0161ta m\u016brine tvora. Prie vakarinio vienuolyno galo dominikonai buvo pasistat\u0119 dviej\u0173 kambari\u0173 pastat\u0105, vadinam\u0105j\u012f forstorium\u0105, vienuoli\u0173 susitikimams su sve\u010diais, gimin\u0117mis. Visoje Nemuno pakrant\u0117je u\u017eveistas pla\u010diausias sodas, puosel\u0117ti dar\u017eai. Buvo i\u0161kasta tvenkini\u0173 ir u\u017eveista \u017euvies. XVIII am\u017eius \u2013 Li\u0161kiavos dominikon\u0173 klest\u0117jimo laikotarpis.Ta\u010diau nuo 1795 m., po tre\u010diojo Lietuvos\u2013Lenkijos valstyb\u0117s padalijimo, Li\u0161kiava atiteko Pr\u016bsijai. Pr\u016bs\u0173 vald\u017eia, nor\u0117dama papildyti valstyb\u0117s i\u017ed\u0105, naikino vienuolynus ir grob\u0117 j\u0173 turt\u0105. Li\u0161kiavos konvento turtas buvo atimtas 1797 m.&nbsp;1812 m. vasario 29 d. Var\u0161uvos hercogas Fridrichas Augustas dekretu Nr. 578 Li\u0161kiavos dominikon\u0173 ba\u017eny\u010di\u0105 paskelb\u0117 parapijine ba\u017eny\u010dia. Buvo gautas ir popie\u017eiaus Pijaus VII (1812-10-28) leidimas. Remdamasis Var\u0161uvos hercogo dekretu ir popie\u017eiaus beneplacitu, Sein\u0173 vyskupas Li\u0161kiavos dominikon\u0173 \u0160v\u010d. Trejyb\u0117s kalno konvento ba\u017eny\u010di\u0105 perdav\u0117 Li\u0161kiavos parapijai (1813-09-07), bet parapijos pamaldos \u012f j\u0105 perkeltos tik 1814 m. bir\u017eelio 18 d.<\/p>\n\n\n\n<p>1814 m. bir\u017eelio 18 d. mir\u0119s paskutinis Li\u0161kiavoje gyven\u0119s vienuolis dominikonas t\u0117vas Lu\u0161\u010dinskas buvo palaidotas ba\u017eny\u010dios r\u016bsyje. Su jo mirtimi pasibaig\u0117 \u0161io konvento gyvavimas Li\u0161kiavoje.<\/p>\n\n\n\n<hr class=\"wp-block-separator has-text-color has-foreground-color has-alpha-channel-opacity has-foreground-background-color has-background is-style-wide\"\/>\n\n\n\n<p>1821 m. parapijai atiteko vienuolyno turtas. 1836 m. vienuolynas buvo \u0161iek tiek suremontuotas. Dar kart\u0105 vienuolynas buvo remontuojamas tik 1939 m. Nuspr\u0119sta vienuolyne \u012frengti turizmo stot\u012f. Ta\u010diau k\u0105 tik suremontuotas Li\u0161kiavos dominikon\u0173 vienuolynas virto Lenkijos pab\u0117g\u0117li\u0173 stovykla. Bol\u0161evikai vienuolyn\u0105 nusavino 1941 m. vasario 1d. To nebuvo padariusi nei viena vald\u017eia. Po Antrojo pasaulinio karo nuo 1947 m. iki 1976 m. vienuolyne buvo \u012fsik\u016brusi vidurin\u0117 mokykla.<\/p>\n\n\n\n<p>Nuo 1989 m. iki 2013 m. Li\u0161kiavoje klebonavo kanauninkas Valius Zubavi\u010dius. Per tuos metus ba\u017eny\u010dia ir vienuolyno pastatai buvo restauruoti ir virto tikra gro\u017eio bei meno \u0161ventove. Kanauninkas Valius Zubavi\u010dius, ypatingo talento dvasininkas, prik\u0117l\u0117 \u0161i\u0105 \u0161ventov\u0119 naujam, m\u016bs\u0173 dien\u0173, gyvenimui.<\/p>\n\n\n\n<p>\u201eMan teko galimyb\u0117 prisiliesti prie praeities, kurti dabart\u012f ir palikti ateities kartoms savo darb\u0173 istorij\u0105\u201c, \u2013 \u0161iuos \u017eod\u017eius kanauninkas V. Zubavi\u010dius i\u0161tar\u0117 \u012fgyvendin\u0119s paskutin\u012f savo u\u017esibr\u0117\u017et\u0105 tiksl\u0105 Li\u0161kiavoje \u2013 2012 m. atstat\u0119s \u0161eimyntrob\u0119. 2013 m. kanauninkas atsisveikino su Li\u0161kiava. Jis buvo i\u0161keltas \u012f Kauno Aleksoto \u0161v. Kazimiero parapij\u0105.<\/p>\n\n\n\n<p>Nuo 1999 m. dalis ansamblio pastat\u0173 perduota vie\u0161ajai \u012fstaigai \u201eLi\u0161kiavos kult\u016bros centras\u201c. \u0160ios \u012fstaigos pagrindiniai veiklos tikslai: rengti ir \u012fgyvendinti kult\u016bros, \u0161vietimo, meno pl\u0117tojimo, turizmo vystymo programas.<\/p>\n\n\n\n<p>&nbsp;Viso \u0161io ansamblio dominant\u0117 ir puo\u0161mena \u2013 \u0160v\u010d. Trejyb\u0117s ba\u017eny\u010dia, nuostabus v\u0117lyvojo baroko statinys.&nbsp;Ba\u017eny\u010dioje i\u0161lik\u0119 paminkliniai 1899 m. vargonai, pagaminti Var\u0161uvoje lenk\u0173 meistro \u0160imanskio. Jie pastatyti vyskupo A. Baranausko vizitacijos garbei. \u0160iais vargonais 1899 m. grojo K. \u010ciurlionis (1851\u20131914), garsaus menininko M. K. \u010ciurlionio t\u0117vas.<\/p>\n\n\n\n<hr class=\"wp-block-separator has-text-color has-foreground-color has-alpha-channel-opacity has-foreground-background-color has-background is-style-wide\"\/>\n\n\n\n<p>Prie\u0161 pagrindines \u0161ventov\u0117s duris stovi \u0161v. Agotos \u2013 saugotojos nuo gaisr\u0173 ir \u017eaib\u0173 skulpt\u016bra, nes 1808 m. \u012f ba\u017eny\u010di\u0105 trenk\u0117 \u017eaibas, pa\u017eeid\u0117 kupol\u0105 ir sudegino stog\u0105.<\/p>\n\n\n\n<p>&nbsp;1996 m. kan. Valiaus Zubavi\u010diaus r\u016bpes\u010diu senoji \u0161v. Agotos skulpt\u016bra perkelta \u012f ba\u017eny\u010di\u0105 jos vietoje pasta\u010dius statulos kopij\u0105, sukurt\u0105 skulptoriaus Alfonso Vauros. Pastarasis paminklas bei min\u0117tieji statiniai, kaip kompleksas, \u012ftrauktas \u012f Lietuvos Respublikos kult\u016bros vertybi\u0173 registr\u0105 bei yra saugomas valstyb\u0117s.<\/p>\n\n\n\n<p>&nbsp;Nuo 2017 m. kun. teol. lic. Jono Cikanos iniciatyva i\u0161 esm\u0117s prad\u0117ti ba\u017eny\u010dios i\u0161or\u0117s restauracijos darbai, pakeistas stogas. Vienuolyno r\u016bsio patalpose \u012frengtas muziejus, kuriame eksponuojamos liturginio ir kult\u016brinio paveldo vertyb\u0117s.<\/p>\n\n\n\n<p>Li\u0161kiava garsi savo architekt\u016bros paminklais: XIV \u2013 XV a. pilis, jo bok\u0161to liekanos; XVII a. pabaigos sakralinis ansamblis (ba\u017eny\u010dia, buv\u0119s dominikon\u0173 vienuolynas, \u016bkinis pastatas); XVIII a. \u0161ventoriaus tvora, laiptai \u012f \u0161ventori\u0173; XIX a. varpin\u0117, paminklinis stulpas su \u0160v.Agotos skulpt\u016bra; daug dail\u0117s paminkl\u0173 i\u0161likusi\u0173 ba\u017eny\u010dios viduje nuo XVII iki XX am\u017eiaus. Piliakalnyje buvusi medin\u0117 pilis VI a. pr. Kr.- IX a. po Kr. M\u016brin\u0117 pilis statyta XIV \u2013 XV am\u017ei\u0173 sand\u016broje ir jos statyba nutraukta po \u017dalgirio m\u016b\u0161io (1410m.).<\/p>\n\n\n\n<p>Li\u0161kiavoje yra 4 archeologijos paminklai: piliakalnis \u2013 alkakalnis, Ba\u017eny\u010dios kalnas, akmuo su jau\u010dio p\u0117da ir vadinamasis \u201eragan\u0173 akmuo\u201c.<\/p>\n<\/div>\n\n\n\n<div class=\"wp-block-column is-layout-flow wp-block-column-is-layout-flow\" style=\"flex-basis:15%\"><\/div>\n<\/div>\n","protected":false},"excerpt":{"rendered":"<p>Li\u0161kiava ra\u0161ytiniuose \u0161altiniuose prad\u0117ta min\u0117ti nuo 1044 met\u0173. \u017dmon\u0117s dabartin\u0117s Li\u0161kiavos apylink\u0117se gyveno jau antrame t\u016bkstantmetyje prie\u0161 Krist\u0173. Pirmoji nedidel\u0117 medin\u0117 parapijos ba\u017eny\u010dia Li\u0161kiavoje pastatyta 1450 m. Pabr\u0117\u017etina, kad dominikonams Li\u0161kiavos parapija niekada nepriklaus\u0117. Vis\u0105 laik\u0105 parapija tur\u0117jo savo ba\u017eny\u010di\u0105 ir klebon\u0105.&nbsp;1697 m. baland\u017eio 22 d. Vladislovas Jurgis Kosyla su \u017emona Kristina visus savo turtus<a class=\"more-link\" href=\"https:\/\/liskiava.lt\/wordpress_V\/istorija\/\">Continue reading <span class=\"screen-reader-text\">&#8222;Istorija&#8221;<\/span><\/a><\/p>\n","protected":false},"author":108388575,"featured_media":0,"parent":0,"menu_order":0,"comment_status":"closed","ping_status":"closed","template":"","meta":{"footnotes":""},"_links":{"self":[{"href":"https:\/\/liskiava.lt\/wordpress_V\/wp-json\/wp\/v2\/pages\/481"}],"collection":[{"href":"https:\/\/liskiava.lt\/wordpress_V\/wp-json\/wp\/v2\/pages"}],"about":[{"href":"https:\/\/liskiava.lt\/wordpress_V\/wp-json\/wp\/v2\/types\/page"}],"author":[{"embeddable":true,"href":"https:\/\/liskiava.lt\/wordpress_V\/wp-json\/wp\/v2\/users\/108388575"}],"replies":[{"embeddable":true,"href":"https:\/\/liskiava.lt\/wordpress_V\/wp-json\/wp\/v2\/comments?post=481"}],"version-history":[{"count":32,"href":"https:\/\/liskiava.lt\/wordpress_V\/wp-json\/wp\/v2\/pages\/481\/revisions"}],"predecessor-version":[{"id":929,"href":"https:\/\/liskiava.lt\/wordpress_V\/wp-json\/wp\/v2\/pages\/481\/revisions\/929"}],"wp:attachment":[{"href":"https:\/\/liskiava.lt\/wordpress_V\/wp-json\/wp\/v2\/media?parent=481"}],"curies":[{"name":"wp","href":"https:\/\/api.w.org\/{rel}","templated":true}]}}