{"id":388,"date":"2023-05-16T16:03:29","date_gmt":"2023-05-16T14:03:29","guid":{"rendered":"https:\/\/liskiava.lt\/wordpress_V\/?page_id=388"},"modified":"2026-01-15T08:22:22","modified_gmt":"2026-01-15T06:22:22","slug":"kitos-paslaugos","status":"publish","type":"page","link":"https:\/\/liskiava.lt\/wordpress_V\/kitos-paslaugos\/","title":{"rendered":"Kitos paslaugos"},"content":{"rendered":"\n<div class=\"wp-block-cover alignfull\" style=\"min-height:337px\"><span aria-hidden=\"true\" class=\"wp-block-cover__background has-foreground-background-color has-background-dim-70 has-background-dim\"><\/span><img loading=\"lazy\" decoding=\"async\" width=\"3264\" height=\"2448\" class=\"wp-block-cover__image-background wp-image-578\" alt=\"\" src=\"https:\/\/liskiava.lt\/wordpress_V\/wp-content\/uploads\/2024\/01\/img_5977-2.jpg\" data-object-fit=\"cover\"\/><div class=\"wp-block-cover__inner-container is-layout-constrained wp-block-cover-is-layout-constrained\">\n<p class=\"has-text-align-center has-huge-font-size\">Kitos paslaugos<\/p>\n<\/div><\/div>\n\n\n\n<p><\/p>\n\n\n\n<div class=\"wp-block-columns alignfull are-vertically-aligned-center is-layout-flex wp-container-core-columns-layout-1 wp-block-columns-is-layout-flex\">\n<div class=\"wp-block-column is-layout-flow wp-block-column-is-layout-flow\" style=\"flex-basis:10%\"><\/div>\n\n\n\n<div class=\"wp-block-column is-vertically-aligned-center is-layout-flow wp-block-column-is-layout-flow\" style=\"flex-basis:50%\">\n<div class=\"alignnormal\"><div id=\"metaslider-id-815\" style=\"width: 100%;\" class=\"ml-slider-3-61-0 metaslider metaslider-flex metaslider-815 ml-slider ms-theme-default nav-hidden\" role=\"region\" aria-roledescription=\"Slideshow\" aria-label=\"Teritorijos nuoma\">\n    <div id=\"metaslider_container_815\">\n        <div id=\"metaslider_815\">\n            <ul aria-live=\"polite\" class=\"slides\">\n                <li style=\"display: block; width: 100%;\" class=\"slide-816 ms-image \" aria-roledescription=\"slide\" aria-label=\"slide-816\"><img loading=\"lazy\" decoding=\"async\" src=\"https:\/\/liskiava.lt\/wordpress_V\/wp-content\/uploads\/2024\/01\/img_5121-700x300.jpg\" height=\"300\" width=\"700\" alt=\"\" class=\"slider-815 slide-816\" title=\"IMG_5121\" \/><\/li>\n                <li style=\"display: none; width: 100%;\" class=\"slide-817 ms-image \" aria-roledescription=\"slide\" aria-label=\"slide-817\"><img loading=\"lazy\" decoding=\"async\" src=\"https:\/\/liskiava.lt\/wordpress_V\/wp-content\/uploads\/2024\/01\/liskiava.001-700x300.jpg\" height=\"300\" width=\"700\" alt=\"\" class=\"slider-815 slide-817\" title=\"Liskiava.001\" \/><\/li>\n                <li style=\"display: none; width: 100%;\" class=\"slide-818 ms-image \" aria-roledescription=\"slide\" aria-label=\"slide-818\"><img loading=\"lazy\" decoding=\"async\" src=\"https:\/\/liskiava.lt\/wordpress_V\/wp-content\/uploads\/2024\/01\/img_5906-700x300.jpg\" height=\"300\" width=\"700\" alt=\"\" class=\"slider-815 slide-818\" title=\"IMG_5906\" \/><\/li>\n                <li style=\"display: none; width: 100%;\" class=\"slide-819 ms-image \" aria-roledescription=\"slide\" aria-label=\"slide-819\"><img loading=\"lazy\" decoding=\"async\" src=\"https:\/\/liskiava.lt\/wordpress_V\/wp-content\/uploads\/2024\/01\/fullsizerender-6-700x300.jpg\" height=\"300\" width=\"700\" alt=\"\" class=\"slider-815 slide-819\" title=\"FullSizeRender 6\" \/><\/li>\n            <\/ul>\n        <\/div>\n        \n    <\/div>\n<\/div><\/div>\n<\/div>\n\n\n\n<div class=\"wp-block-column is-vertically-aligned-center is-layout-flow wp-block-column-is-layout-flow\" style=\"flex-basis:30%\">\n<h1 class=\"wp-block-heading has-text-align-center\"><strong>TERITORIJOS NUOMA<\/strong><\/h1>\n\n\n\n<p class=\"has-text-align-center\">J\u016bs\u0173 \u0161vent\u0117ms, pasivai\u0161inimams ir fotosesijoms nuomojame: Vidin\u012f ansamblio kiemel\u012f, prie fontano kiemel\u012f, su Nemuno up\u0117s panorama. Pasirinkto kiemelio nuoma \u2013 1 val. \/ 80 Eur.\u00a0\u00a0( U\u017esakant u\u017ekand\u017eius m\u016bs\u0173 centre)<\/p>\n\n\n\n<p class=\"has-text-align-center\">Su savo u\u017ekand\u017eiais- 1 val.- 100,00 Eur.&nbsp;&nbsp;<\/p>\n\n\n\n<p class=\"has-text-align-center\">U\u017e papildom\u0105 kain\u0105 galime: paruo\u0161ti jums u\u017ekand\u017eius, aptarnavimo paslaug\u0105, i\u0161nuomoti indus, paruo\u0161ti kav\u0105\/arbat\u0105<\/p>\n<\/div>\n\n\n\n<div class=\"wp-block-column is-layout-flow wp-block-column-is-layout-flow\" style=\"flex-basis:10%\"><\/div>\n<\/div>\n\n\n\n<div class=\"wp-block-cover alignfull\" style=\"min-height:244px\"><span aria-hidden=\"true\" class=\"wp-block-cover__background has-foreground-background-color has-background-dim-60 has-background-dim\"><\/span><img loading=\"lazy\" decoding=\"async\" width=\"3264\" height=\"2448\" class=\"wp-block-cover__image-background wp-image-53\" alt=\"\" src=\"https:\/\/liskiava.lt\/wordpress_V\/wp-content\/uploads\/2023\/04\/332378847_1641889246262564_1856813211018104425_n.jpg\" style=\"object-position:52% 51%\" data-object-fit=\"cover\" data-object-position=\"52% 51%\"\/><div class=\"wp-block-cover__inner-container is-layout-constrained wp-block-cover-is-layout-constrained\">\n<p class=\"has-text-align-center has-large-font-size\">Sali\u0173 nuoma<\/p>\n<\/div><\/div>\n\n\n\n<div class=\"wp-block-columns alignfull has-background-background-color has-background is-layout-flex wp-container-core-columns-layout-2 wp-block-columns-is-layout-flex\">\n<div class=\"wp-block-column is-layout-flow wp-block-column-is-layout-flow\" style=\"flex-basis:10%\"><\/div>\n\n\n\n<div class=\"wp-block-column is-layout-flow wp-block-column-is-layout-flow\">\n<h3 class=\"wp-block-heading has-text-align-center\">Banketin\u0117 sal\u0117<\/h3>\n\n\n\n<p class=\"has-text-align-center\">Banketin\u0117 sal\u0117 vienuolyno 1 auk\u0161te ( iki 40 asm.). Baroko stiliaus skliaut\u0173 sal\u0117 (100,16 m\u00b2) puikiai tinka j\u016bs\u0173 asmeninei \u0161ventei, krik\u0161to, jubiliejaus ar vestuvi\u0173 i\u0161kilmei. Esant poreikiui vienuolyno pirmame auk\u0161te yra keturi dvivie\u010diai kambariai vienas trivietis kambarys.<\/p>\n\n\n\n<div class=\"alignnormal\"><div id=\"metaslider-id-820\" style=\"width: 100%;\" class=\"ml-slider-3-61-0 metaslider metaslider-flex metaslider-820 ml-slider ms-theme-default nav-hidden nav-hidden\" role=\"region\" aria-roledescription=\"Slideshow\" aria-label=\"Banketine sale\">\n    <div id=\"metaslider_container_820\">\n        <div id=\"metaslider_820\">\n            <ul aria-live=\"polite\" class=\"slides\">\n                <li style=\"display: block; width: 100%;\" class=\"slide-968 ms-image \" aria-roledescription=\"slide\" aria-label=\"slide-968\"><img loading=\"lazy\" decoding=\"async\" src=\"https:\/\/liskiava.lt\/wordpress_V\/wp-content\/uploads\/2024\/02\/IMG_0043-scaled-700x300.jpg\" height=\"300\" width=\"700\" alt=\"\" class=\"slider-820 slide-968\" title=\"IMG_0043\" \/><\/li>\n                <li style=\"display: none; width: 100%;\" class=\"slide-821 ms-image \" aria-roledescription=\"slide\" aria-label=\"slide-821\"><img loading=\"lazy\" decoding=\"async\" src=\"https:\/\/liskiava.lt\/wordpress_V\/wp-content\/uploads\/2024\/01\/img_1343-700x300.jpg\" height=\"300\" width=\"700\" alt=\"\" class=\"slider-820 slide-821\" title=\"IMG_1343\" \/><\/li>\n                <li style=\"display: none; width: 100%;\" class=\"slide-822 ms-image \" aria-roledescription=\"slide\" aria-label=\"slide-822\"><img loading=\"lazy\" decoding=\"async\" src=\"https:\/\/liskiava.lt\/wordpress_V\/wp-content\/uploads\/2024\/01\/img_5620-700x300.jpg\" height=\"300\" width=\"700\" alt=\"\" class=\"slider-820 slide-822\" title=\"IMG_5620\" \/><\/li>\n                <li style=\"display: none; width: 100%;\" class=\"slide-823 ms-image \" aria-roledescription=\"slide\" aria-label=\"slide-823\"><img loading=\"lazy\" decoding=\"async\" src=\"https:\/\/liskiava.lt\/wordpress_V\/wp-content\/uploads\/2024\/01\/a-589x252.jpg\" height=\"300\" width=\"700\" alt=\"\" class=\"slider-820 slide-823\" title=\"a\" \/><\/li>\n            <\/ul>\n        <\/div>\n        \n    <\/div>\n<\/div><\/div>\n<\/div>\n\n\n\n<div class=\"wp-block-column is-vertically-aligned-center is-layout-flow wp-block-column-is-layout-flow\">\n<h3 class=\"wp-block-heading has-text-align-center\">Konferencijos sal\u0117<\/h3>\n\n\n\n<p class=\"has-text-align-center\">Konferencijos sal\u0117 ( 98,96 m\u00b2) &nbsp;vienuolyno 2 auk\u0161te puikiai tinka susitikim\u0173, seminar\u0173 ir konferencij\u0173 organizavimui. (iki 80 asm.) Esant poreikiui vienuolyno antrame auk\u0161te yra penki dvivie\u010diai ir du trivie\u010diai kambariai.<\/p>\n\n\n\n<div class=\"alignnormal\"><div id=\"metaslider-id-824\" style=\"width: 100%;\" class=\"ml-slider-3-61-0 metaslider metaslider-flex metaslider-824 ml-slider ms-theme-default nav-hidden nav-hidden nav-hidden\" role=\"region\" aria-roledescription=\"Slideshow\" aria-label=\"Konferencijos sale\">\n    <div id=\"metaslider_container_824\">\n        <div id=\"metaslider_824\">\n            <ul aria-live=\"polite\" class=\"slides\">\n                <li style=\"display: block; width: 100%;\" class=\"slide-825 ms-image \" aria-roledescription=\"slide\" aria-label=\"slide-825\"><img loading=\"lazy\" decoding=\"async\" src=\"https:\/\/liskiava.lt\/wordpress_V\/wp-content\/uploads\/2024\/01\/img_5977-700x300.jpg\" height=\"300\" width=\"700\" alt=\"\" class=\"slider-824 slide-825\" title=\"IMG_5977\" \/><\/li>\n                <li style=\"display: none; width: 100%;\" class=\"slide-970 ms-image \" aria-roledescription=\"slide\" aria-label=\"slide-970\"><img loading=\"lazy\" decoding=\"async\" src=\"https:\/\/liskiava.lt\/wordpress_V\/wp-content\/uploads\/2024\/02\/IMG_0047-scaled-700x300.jpg\" height=\"300\" width=\"700\" alt=\"\" class=\"slider-824 slide-970\" title=\"IMG_0047\" \/><\/li>\n            <\/ul>\n        <\/div>\n        \n    <\/div>\n<\/div><\/div>\n<\/div>\n\n\n\n<div class=\"wp-block-column is-layout-flow wp-block-column-is-layout-flow\" style=\"flex-basis:10%\"><\/div>\n<\/div>\n\n\n\n<div class=\"wp-block-columns alignfull has-background-background-color has-background is-layout-flex wp-container-core-columns-layout-3 wp-block-columns-is-layout-flex\">\n<div class=\"wp-block-column is-layout-flow wp-block-column-is-layout-flow\" style=\"flex-basis:10%\"><\/div>\n\n\n\n<div class=\"wp-block-column is-layout-flow wp-block-column-is-layout-flow\">\n<h3 class=\"wp-block-heading has-text-align-center\">Sal\u0117 vienuolyno r\u016bsio men\u0117je<\/h3>\n\n\n\n<p class=\"has-text-align-center\">Sal\u0117 &nbsp;(62,08 m\u00b2) vienuolyno r\u016bsio men\u0117je ( iki 30 asm.) galima organizuoti dalykinius ir gedulingus pietus bei asmenines \u0161ventes. Greta sal\u0117s yra liturgin\u0117s buvusio dominikon\u0173 vienuolyno ekspozicija.<\/p>\n\n\n\n<div class=\"alignnormal\"><div id=\"metaslider-id-827\" style=\"width: 100%;\" class=\"ml-slider-3-61-0 metaslider metaslider-flex metaslider-827 ml-slider ms-theme-default nav-hidden nav-hidden nav-hidden nav-hidden\" role=\"region\" aria-roledescription=\"Slideshow\" aria-label=\"Vienuolyno rusys\">\n    <div id=\"metaslider_container_827\">\n        <div id=\"metaslider_827\">\n            <ul aria-live=\"polite\" class=\"slides\">\n                <li style=\"display: block; width: 100%;\" class=\"slide-828 ms-image \" aria-roledescription=\"slide\" aria-label=\"slide-828\"><img loading=\"lazy\" decoding=\"async\" src=\"https:\/\/liskiava.lt\/wordpress_V\/wp-content\/uploads\/2024\/01\/img_6378-700x300.jpg\" height=\"300\" width=\"700\" alt=\"\" class=\"slider-827 slide-828\" title=\"IMG_6378\" \/><\/li>\n                <li style=\"display: none; width: 100%;\" class=\"slide-829 ms-image \" aria-roledescription=\"slide\" aria-label=\"slide-829\"><img loading=\"lazy\" decoding=\"async\" src=\"https:\/\/liskiava.lt\/wordpress_V\/wp-content\/uploads\/2024\/01\/img_5596-700x300.jpg\" height=\"300\" width=\"700\" alt=\"\" class=\"slider-827 slide-829\" title=\"IMG_5596\" \/><\/li>\n            <\/ul>\n        <\/div>\n        \n    <\/div>\n<\/div><\/div>\n<\/div>\n\n\n\n<div class=\"wp-block-column is-vertically-aligned-top is-layout-flow wp-block-column-is-layout-flow\">\n<h3 class=\"wp-block-heading has-text-align-center\">\u0160eimyntrob\u0117s pokyli\u0173 sal\u0117<\/h3>\n\n\n\n<p class=\"has-text-align-center\">\u0160eimyntrob\u0117s pokyli\u0173 sal\u0117 (185,09 m\u00b2) \u2013 puiki erdv\u0117 asmenin\u0117ms \u0161vent\u0117ms, vestuv\u0117ms ir jubiliejams (iki 120 asm.).&nbsp; Tai erdvi sal\u0117, kurioje da\u017enai rengiamos \u012fvairios parodos ir ekspozicijos.<\/p>\n\n\n\n<div class=\"alignnormal\"><div id=\"metaslider-id-830\" style=\"width: 100%;\" class=\"ml-slider-3-61-0 metaslider metaslider-flex metaslider-830 ml-slider ms-theme-default nav-hidden nav-hidden nav-hidden nav-hidden nav-hidden\" role=\"region\" aria-roledescription=\"Slideshow\" aria-label=\"seimyntrobes sale\">\n    <div id=\"metaslider_container_830\">\n        <div id=\"metaslider_830\">\n            <ul aria-live=\"polite\" class=\"slides\">\n                <li style=\"display: block; width: 100%;\" class=\"slide-831 ms-image \" aria-roledescription=\"slide\" aria-label=\"slide-831\"><img loading=\"lazy\" decoding=\"async\" src=\"https:\/\/liskiava.lt\/wordpress_V\/wp-content\/uploads\/2024\/01\/guphotography-017-700x300.jpg\" height=\"300\" width=\"700\" alt=\"\" class=\"slider-830 slide-831\" title=\"GUphotography-017\" \/><\/li>\n                <li style=\"display: none; width: 100%;\" class=\"slide-832 ms-image \" aria-roledescription=\"slide\" aria-label=\"slide-832\"><img loading=\"lazy\" decoding=\"async\" src=\"https:\/\/liskiava.lt\/wordpress_V\/wp-content\/uploads\/2024\/01\/guphotography-015-700x300.jpg\" height=\"300\" width=\"700\" alt=\"\" class=\"slider-830 slide-832\" title=\"GUphotography-015\" \/><\/li>\n                <li style=\"display: none; width: 100%;\" class=\"slide-833 ms-image \" aria-roledescription=\"slide\" aria-label=\"slide-833\"><img loading=\"lazy\" decoding=\"async\" src=\"https:\/\/liskiava.lt\/wordpress_V\/wp-content\/uploads\/2024\/01\/img_6283-2-700x300.jpg\" height=\"300\" width=\"700\" alt=\"\" class=\"slider-830 slide-833\" title=\"IMG_6283 2\" \/><\/li>\n            <\/ul>\n        <\/div>\n        \n    <\/div>\n<\/div><\/div>\n<\/div>\n\n\n\n<div class=\"wp-block-column is-layout-flow wp-block-column-is-layout-flow\" style=\"flex-basis:10%\"><\/div>\n<\/div>\n","protected":false},"excerpt":{"rendered":"<p>TERITORIJOS NUOMA J\u016bs\u0173 \u0161vent\u0117ms, pasivai\u0161inimams ir fotosesijoms nuomojame: Vidin\u012f ansamblio kiemel\u012f, prie fontano kiemel\u012f, su Nemuno up\u0117s panorama. Pasirinkto kiemelio nuoma \u2013 1 val. \/ 80 Eur.\u00a0\u00a0( U\u017esakant u\u017ekand\u017eius m\u016bs\u0173 centre) Su savo u\u017ekand\u017eiais- 1 val.- 100,00 Eur.&nbsp;&nbsp; U\u017e papildom\u0105 kain\u0105 galime: paruo\u0161ti jums u\u017ekand\u017eius, aptarnavimo paslaug\u0105, i\u0161nuomoti indus, paruo\u0161ti kav\u0105\/arbat\u0105 Banketin\u0117 sal\u0117 Banketin\u0117 sal\u0117<a class=\"more-link\" href=\"https:\/\/liskiava.lt\/wordpress_V\/kitos-paslaugos\/\">Continue reading <span class=\"screen-reader-text\">&#8222;Kitos paslaugos&#8221;<\/span><\/a><\/p>\n","protected":false},"author":108388575,"featured_media":0,"parent":0,"menu_order":0,"comment_status":"closed","ping_status":"closed","template":"","meta":{"footnotes":""},"_links":{"self":[{"href":"https:\/\/liskiava.lt\/wordpress_V\/wp-json\/wp\/v2\/pages\/388"}],"collection":[{"href":"https:\/\/liskiava.lt\/wordpress_V\/wp-json\/wp\/v2\/pages"}],"about":[{"href":"https:\/\/liskiava.lt\/wordpress_V\/wp-json\/wp\/v2\/types\/page"}],"author":[{"embeddable":true,"href":"https:\/\/liskiava.lt\/wordpress_V\/wp-json\/wp\/v2\/users\/108388575"}],"replies":[{"embeddable":true,"href":"https:\/\/liskiava.lt\/wordpress_V\/wp-json\/wp\/v2\/comments?post=388"}],"version-history":[{"count":31,"href":"https:\/\/liskiava.lt\/wordpress_V\/wp-json\/wp\/v2\/pages\/388\/revisions"}],"predecessor-version":[{"id":1035,"href":"https:\/\/liskiava.lt\/wordpress_V\/wp-json\/wp\/v2\/pages\/388\/revisions\/1035"}],"wp:attachment":[{"href":"https:\/\/liskiava.lt\/wordpress_V\/wp-json\/wp\/v2\/media?parent=388"}],"curies":[{"name":"wp","href":"https:\/\/api.w.org\/{rel}","templated":true}]}}