{"id":25,"date":"2023-04-27T18:12:32","date_gmt":"2023-04-27T16:12:32","guid":{"rendered":"https:\/\/liskiava.lt\/wordpress_V\/?page_id=25"},"modified":"2024-07-19T15:35:00","modified_gmt":"2024-07-19T12:35:00","slug":"kontaktai","status":"publish","type":"page","link":"https:\/\/liskiava.lt\/wordpress_V\/kontaktai\/","title":{"rendered":"Kontaktai"},"content":{"rendered":"\n<div class=\"wp-block-cover alignfull is-light\" style=\"min-height:230px\"><span aria-hidden=\"true\" class=\"wp-block-cover__background has-background-dim\"><\/span><img loading=\"lazy\" decoding=\"async\" width=\"5184\" height=\"3456\" class=\"wp-block-cover__image-background wp-image-8\" alt=\"\" src=\"https:\/\/liskiava.lt\/wordpress_V\/wp-content\/uploads\/2023\/04\/img_2595.jpg\" style=\"object-position:57% 66%\" data-object-fit=\"cover\" data-object-position=\"57% 66%\"\/><div class=\"wp-block-cover__inner-container is-layout-constrained wp-block-cover-is-layout-constrained\">\n<p class=\"has-text-align-center has-background-color has-text-color has-large-font-size\">Kontaktai<\/p>\n<\/div><\/div>\n\n\n\n<h3 class=\"wp-block-heading has-text-align-center\">Administracijos darbo laikas: <\/h3>\n\n\n\n<p class=\"has-text-align-center\"><em>III-VII 8:00 iki 17:00 val.<\/em><\/p>\n\n\n\n<p class=\"has-text-align-center\"><em>12:00-13:00 piet\u0173 pertrauka, <\/em><\/p>\n\n\n\n<p class=\"has-text-align-center\"><em>I ir II \u2013 i\u0161eigin\u0117s dienos.<\/em><\/p>\n\n\n\n<p class=\"has-text-align-center\">D\u0117l susitikimo V\u0161\u012e Li\u0161kiavos kult\u016bros centre su administratore tartis telefonu arba el.pa\u0161tu&nbsp;<strong>i\u0161 anksto<\/strong>. Informacijos d\u0117l maitinimo apgyvendinimo, asmenini\u0173 \u0161ven\u010di\u0173, rekolekcij\u0173 ir kit\u0173 paslaug\u0173 teirautis pas administrator\u0119.<\/p>\n\n\n\n<p class=\"has-text-align-center\">https:\/\/www.facebook.com\/liskiavosansamblis<\/p>\n\n\n\n<div class=\"wp-block-columns is-layout-flex wp-container-core-columns-layout-1 wp-block-columns-is-layout-flex\">\n<div class=\"wp-block-column is-layout-flow wp-block-column-is-layout-flow\">\n<h4 class=\"wp-block-heading has-text-align-center\">Direktorius<\/h4>\n\n\n\n<p class=\"has-text-align-center\">Vidmantas Striokas<\/p>\n\n\n\n<p class=\"has-text-align-center\">+370 686 02134<\/p>\n\n\n\n<p class=\"has-text-align-center\"><a href=\"mailto:lkc@liskiava.lt\">kvidass@gmail.com<\/a><\/p>\n<\/div>\n\n\n\n<div class=\"wp-block-column is-layout-flow wp-block-column-is-layout-flow\">\n<h4 class=\"wp-block-heading has-text-align-center\">Administrator\u0117<\/h4>\n\n\n\n<p class=\"has-text-align-center\">Reda Kneizevi\u010dien\u0117<\/p>\n\n\n\n<p class=\"has-text-align-center\">+370 610 66844<\/p>\n\n\n\n<p class=\"has-text-align-center\"><a href=\"mailto:lkc@liskiava.lt\">administracija@liskiava.lt<\/a><\/p>\n<\/div>\n<\/div>\n\n\n\n<div class=\"wp-block-columns alignfull has-background-color has-text-color has-background has-link-color wp-elements-8476bfe9b7923e862671b061d5e5238d is-layout-flex wp-container-core-columns-layout-2 wp-block-columns-is-layout-flex\" style=\"background:radial-gradient(rgb(98,97,97) 0%,rgb(68,68,68) 100%)\">\n<div class=\"wp-block-column is-layout-flow wp-block-column-is-layout-flow\" style=\"flex-basis:20%\"><\/div>\n\n\n\n<div class=\"wp-block-column is-layout-flow wp-block-column-is-layout-flow\" style=\"flex-basis:60%\">\n<h5 class=\"wp-block-heading has-text-align-center\">Rekvizitai<\/h5>\n\n\n\n<p class=\"has-text-align-center\">V\u0161\u012e \u201cLi\u0161kiavos parapijos centras\u201d<\/p>\n\n\n\n<p class=\"has-text-align-center\">Ba\u017eny\u010dios g.7, Li\u0161kiava, Merkin\u0117s sen., Var\u0117nos r. sav., LT- 65319<\/p>\n\n\n\n<p class=\"has-text-align-center\">\u012emon\u0117s kodas: 184748068,&nbsp;<\/p>\n\n\n\n<p class=\"has-text-align-center\">PVM kodas: LT847480610<\/p>\n\n\n\n<p class=\"has-text-align-center\">Bankas:&nbsp;\u201eSwedbank\u201c AB, BIC-HABALT22<\/p>\n\n\n\n<p class=\"has-text-align-center\">A\/S nr.:LT407300010002223837<\/p>\n<\/div>\n\n\n\n<div class=\"wp-block-column is-layout-flow wp-block-column-is-layout-flow\" style=\"flex-basis:20%\"><\/div>\n<\/div>\n","protected":false},"excerpt":{"rendered":"<p>Administracijos darbo laikas: III-VII 8:00 iki 17:00 val. 12:00-13:00 piet\u0173 pertrauka, I ir II \u2013 i\u0161eigin\u0117s dienos. D\u0117l susitikimo V\u0161\u012e Li\u0161kiavos kult\u016bros centre su administratore tartis telefonu arba el.pa\u0161tu&nbsp;i\u0161 anksto. Informacijos d\u0117l maitinimo apgyvendinimo, asmenini\u0173 \u0161ven\u010di\u0173, rekolekcij\u0173 ir kit\u0173 paslaug\u0173 teirautis pas administrator\u0119. https:\/\/www.facebook.com\/liskiavosansamblis Direktorius Vidmantas Striokas +370 686 02134 kvidass@gmail.com Administrator\u0117 Reda Kneizevi\u010dien\u0117 +370<a class=\"more-link\" href=\"https:\/\/liskiava.lt\/wordpress_V\/kontaktai\/\">Continue reading <span class=\"screen-reader-text\">&#8222;Kontaktai&#8221;<\/span><\/a><\/p>\n","protected":false},"author":108388575,"featured_media":0,"parent":0,"menu_order":0,"comment_status":"closed","ping_status":"closed","template":"","meta":{"footnotes":""},"_links":{"self":[{"href":"https:\/\/liskiava.lt\/wordpress_V\/wp-json\/wp\/v2\/pages\/25"}],"collection":[{"href":"https:\/\/liskiava.lt\/wordpress_V\/wp-json\/wp\/v2\/pages"}],"about":[{"href":"https:\/\/liskiava.lt\/wordpress_V\/wp-json\/wp\/v2\/types\/page"}],"author":[{"embeddable":true,"href":"https:\/\/liskiava.lt\/wordpress_V\/wp-json\/wp\/v2\/users\/108388575"}],"replies":[{"embeddable":true,"href":"https:\/\/liskiava.lt\/wordpress_V\/wp-json\/wp\/v2\/comments?post=25"}],"version-history":[{"count":32,"href":"https:\/\/liskiava.lt\/wordpress_V\/wp-json\/wp\/v2\/pages\/25\/revisions"}],"predecessor-version":[{"id":1010,"href":"https:\/\/liskiava.lt\/wordpress_V\/wp-json\/wp\/v2\/pages\/25\/revisions\/1010"}],"wp:attachment":[{"href":"https:\/\/liskiava.lt\/wordpress_V\/wp-json\/wp\/v2\/media?parent=25"}],"curies":[{"name":"wp","href":"https:\/\/api.w.org\/{rel}","templated":true}]}}