{"id":227,"date":"2023-05-15T11:49:57","date_gmt":"2023-05-15T09:49:57","guid":{"rendered":"https:\/\/liskiava.lt\/wordpress_V\/?page_id=227"},"modified":"2025-08-01T07:39:46","modified_gmt":"2025-08-01T04:39:46","slug":"apgyvendinimas","status":"publish","type":"page","link":"https:\/\/liskiava.lt\/wordpress_V\/apgyvendinimas\/","title":{"rendered":"Apgyvendinimas"},"content":{"rendered":"\n<div class=\"wp-block-cover alignfull is-light\" style=\"min-height:413px\"><span aria-hidden=\"true\" class=\"wp-block-cover__background has-background-dim\"><\/span><img loading=\"lazy\" decoding=\"async\" width=\"5184\" height=\"3456\" class=\"wp-block-cover__image-background wp-image-8\" alt=\"\" src=\"https:\/\/liskiava.lt\/wordpress_V\/wp-content\/uploads\/2023\/04\/img_2595.jpg\" style=\"object-position:50% 63%\" data-object-fit=\"cover\" data-object-position=\"50% 63%\"\/><div class=\"wp-block-cover__inner-container is-layout-constrained wp-block-cover-is-layout-constrained\">\n<h2 class=\"wp-block-heading has-text-align-center has-background-color has-text-color has-x-large-font-size\">Apgyvendinimas<\/h2>\n\n\n\n<h4 class=\"wp-block-heading alignwide has-text-align-center has-background-color has-text-color has-medium-font-size\" style=\"font-style:normal;font-weight:400\">V\u0161\u012e Li\u0161kiavos parapijos centre teikiamos trumpalaikio apgyvendinimo paslaugos. \u012e nakvyn\u0117s kain\u0105 \u012fskai\u010diuoti pusry\u010diai ir nemokamas ba\u017eny\u010dios kriptos ir vienuolyno liturgin\u0117s ekspozicijos aplankymas. <\/h4>\n\n\n\n<h4 class=\"wp-block-heading alignwide has-text-align-center has-background-color has-text-color has-medium-font-size\" style=\"font-style:normal;font-weight:400\">Grup\u0117ms (nuo 30 asm.) taikomos nuolaidos. Galimas v\u0117lyvas atvykimas. Rezervacija +370 610 66844<\/h4>\n<\/div><\/div>\n\n\n\n<div style=\"height:72px\" aria-hidden=\"true\" class=\"wp-block-spacer\"><\/div>\n\n\n\n<div class=\"wp-block-columns alignfull is-layout-flex wp-container-core-columns-layout-1 wp-block-columns-is-layout-flex\">\n<div class=\"wp-block-column is-layout-flow wp-block-column-is-layout-flow\" style=\"flex-basis:50%\">\n<div class=\"alignnormal\"><div id=\"metaslider-id-732\" style=\"width: 100%;\" class=\"ml-slider-3-61-0 metaslider metaslider-flex metaslider-732 ml-slider ms-theme-default nav-hidden\" role=\"region\" aria-roledescription=\"Slideshow\" aria-label=\"New Slideshow\">\n    <div id=\"metaslider_container_732\">\n        <div id=\"metaslider_732\">\n            <ul aria-live=\"polite\" class=\"slides\">\n                <li style=\"display: block; width: 100%;\" class=\"slide-735 ms-image \" aria-roledescription=\"slide\" aria-label=\"slide-735\"><img loading=\"lazy\" decoding=\"async\" src=\"https:\/\/liskiava.lt\/wordpress_V\/wp-content\/uploads\/2024\/01\/img_3326-700x400.jpg\" height=\"400\" width=\"700\" alt=\"\" class=\"slider-732 slide-735\" title=\"IMG_3326\" \/><\/li>\n                <li style=\"display: none; width: 100%;\" class=\"slide-961 ms-image \" aria-roledescription=\"slide\" aria-label=\"slide-961\"><img loading=\"lazy\" decoding=\"async\" src=\"https:\/\/liskiava.lt\/wordpress_V\/wp-content\/uploads\/2024\/02\/IMG_0027-scaled-700x400.jpg\" height=\"400\" width=\"700\" alt=\"\" class=\"slider-732 slide-961\" title=\"IMG_0027\" \/><\/li>\n                <li style=\"display: none; width: 100%;\" class=\"slide-736 ms-image \" aria-roledescription=\"slide\" aria-label=\"slide-736\"><img loading=\"lazy\" decoding=\"async\" src=\"https:\/\/liskiava.lt\/wordpress_V\/wp-content\/uploads\/2024\/01\/img_3336-700x400.jpg\" height=\"400\" width=\"700\" alt=\"\" class=\"slider-732 slide-736\" title=\"IMG_3336\" \/><\/li>\n                <li style=\"display: none; width: 100%;\" class=\"slide-737 ms-image \" aria-roledescription=\"slide\" aria-label=\"slide-737\"><img loading=\"lazy\" decoding=\"async\" src=\"https:\/\/liskiava.lt\/wordpress_V\/wp-content\/uploads\/2024\/01\/img_3278-700x400.jpg\" height=\"400\" width=\"700\" alt=\"\" class=\"slider-732 slide-737\" title=\"IMG_3278\" \/><\/li>\n                <li style=\"display: none; width: 100%;\" class=\"slide-963 ms-image \" aria-roledescription=\"slide\" aria-label=\"slide-963\"><img loading=\"lazy\" decoding=\"async\" src=\"https:\/\/liskiava.lt\/wordpress_V\/wp-content\/uploads\/2024\/02\/IMG_0033-scaled-700x400.jpg\" height=\"400\" width=\"700\" alt=\"\" class=\"slider-732 slide-963\" title=\"IMG_0033\" \/><\/li>\n                <li style=\"display: none; width: 100%;\" class=\"slide-966 ms-image \" aria-roledescription=\"slide\" aria-label=\"slide-966\"><img loading=\"lazy\" decoding=\"async\" src=\"https:\/\/liskiava.lt\/wordpress_V\/wp-content\/uploads\/2024\/02\/IMG_0023-scaled-700x400.jpg\" height=\"400\" width=\"700\" alt=\"\" class=\"slider-732 slide-966\" title=\"IMG_0023\" \/><\/li>\n                <li style=\"display: none; width: 100%;\" class=\"slide-964 ms-image \" aria-roledescription=\"slide\" aria-label=\"slide-964\"><img loading=\"lazy\" decoding=\"async\" src=\"https:\/\/liskiava.lt\/wordpress_V\/wp-content\/uploads\/2024\/02\/IMG_0049-scaled-700x400.jpg\" height=\"400\" width=\"700\" alt=\"\" class=\"slider-732 slide-964\" title=\"IMG_0049\" \/><\/li>\n                <li style=\"display: none; width: 100%;\" class=\"slide-965 ms-image \" aria-roledescription=\"slide\" aria-label=\"slide-965\"><img loading=\"lazy\" decoding=\"async\" src=\"https:\/\/liskiava.lt\/wordpress_V\/wp-content\/uploads\/2024\/02\/IMG_0050-scaled-700x400.jpg\" height=\"400\" width=\"700\" alt=\"\" class=\"slider-732 slide-965\" title=\"IMG_0050\" \/><\/li>\n            <\/ul>\n        <\/div>\n        \n    <\/div>\n<\/div><\/div>\n<\/div>\n\n\n\n<div class=\"wp-block-column is-layout-flow wp-block-column-is-layout-flow\" style=\"flex-basis:50%\">\n<div style=\"height:35px\" aria-hidden=\"true\" class=\"wp-block-spacer\"><\/div>\n\n\n\n<h2 class=\"wp-block-heading has-text-align-center\">Nakvyn\u0117 Vienuolyne<\/h2>\n\n\n\n<p class=\"has-text-align-center\">Nuomojame 9 dvivie\u010dius ir 3 trivie\u010dius kambarius.<\/p>\n\n\n\n<p class=\"has-text-align-center\">Visuose kambariuose yra du\u0161as ir wc, darbo stalas, drabu\u017ei\u0173 spinta. Galima pasirinkti su atskiromis lovomis arba dvigule.<\/p>\n\n\n\n<p class=\"has-text-align-center\">Dvivie\u010dio kambario (atskiros lovos) nuoma parai \u2013 80,00 Eur.<\/p>\n\n\n\n<p class=\"has-text-align-center\">Dvivie\u010dio kambario (miegamojo lova) nuoma parai \u2013 80,00 Eur.<\/p>\n\n\n\n<p class=\"has-text-align-center\">Trivie\u010dio kambario (atskiros lovos) nuoma parai \u2013 100,00 Eur.<\/p>\n<\/div>\n<\/div>\n\n\n\n<div class=\"wp-block-columns alignfull has-background is-layout-flex wp-container-core-columns-layout-2 wp-block-columns-is-layout-flex\" style=\"background-color:#eeeeee\">\n<div class=\"wp-block-column is-layout-flow wp-block-column-is-layout-flow\" style=\"flex-basis:50%\">\n<div style=\"height:10px\" aria-hidden=\"true\" class=\"wp-block-spacer\"><\/div>\n\n\n\n<h2 class=\"wp-block-heading has-text-align-center\">Nakvyn\u0117 \u0160eimyntrob\u0117je<\/h2>\n\n\n\n<p class=\"has-text-align-center\">Nuomojame 11 dvivie\u010di\u0173 ir 2 keturvie\u010dius kambarius.<\/p>\n\n\n\n<p class=\"has-text-align-center\">Visuose kambariuose yra nemokamas internetas, du\u0161as ir wc, viengul\u0117s lovos, darbo staliukas, spinta drabu\u017eiams.<\/p>\n\n\n\n<p class=\"has-text-align-center\">Dvivie\u010dio kambario nuoma parai \u2013 70,00 Eur.<\/p>\n\n\n\n<p class=\"has-text-align-center\">Keturvie\u010dio kambario nuoma parai \u2013 120,00 Eur.<\/p>\n<\/div>\n\n\n\n<div class=\"wp-block-column is-layout-flow wp-block-column-is-layout-flow\" style=\"flex-basis:50%\">\n<div class=\"alignnormal\"><div id=\"metaslider-id-740\" style=\"width: 100%;\" class=\"ml-slider-3-61-0 metaslider metaslider-flex metaslider-740 ml-slider ms-theme-default nav-hidden nav-hidden\" role=\"region\" aria-roledescription=\"Slideshow\" aria-label=\"New Slideshow\">\n    <div id=\"metaslider_container_740\">\n        <div id=\"metaslider_740\">\n            <ul aria-live=\"polite\" class=\"slides\">\n                <li style=\"display: block; width: 100%;\" class=\"slide-949 ms-image \" aria-roledescription=\"slide\" aria-label=\"slide-949\"><img loading=\"lazy\" decoding=\"async\" src=\"https:\/\/liskiava.lt\/wordpress_V\/wp-content\/uploads\/2024\/02\/IMG_0005-scaled-700x400.jpg\" height=\"400\" width=\"700\" alt=\"\" class=\"slider-740 slide-949\" title=\"IMG_0005\" \/><\/li>\n                <li style=\"display: none; width: 100%;\" class=\"slide-950 ms-image \" aria-roledescription=\"slide\" aria-label=\"slide-950\"><img loading=\"lazy\" decoding=\"async\" src=\"https:\/\/liskiava.lt\/wordpress_V\/wp-content\/uploads\/2024\/02\/IMG_0006-scaled-700x400.jpg\" height=\"400\" width=\"700\" alt=\"\" class=\"slider-740 slide-950\" title=\"IMG_0006\" \/><\/li>\n                <li style=\"display: none; width: 100%;\" class=\"slide-951 ms-image \" aria-roledescription=\"slide\" aria-label=\"slide-951\"><img loading=\"lazy\" decoding=\"async\" src=\"https:\/\/liskiava.lt\/wordpress_V\/wp-content\/uploads\/2024\/02\/IMG_0008-scaled-700x400.jpg\" height=\"400\" width=\"700\" alt=\"\" class=\"slider-740 slide-951\" title=\"IMG_0008\" \/><\/li>\n                <li style=\"display: none; width: 100%;\" class=\"slide-952 ms-image \" aria-roledescription=\"slide\" aria-label=\"slide-952\"><img loading=\"lazy\" decoding=\"async\" src=\"https:\/\/liskiava.lt\/wordpress_V\/wp-content\/uploads\/2024\/02\/IMG_0011-scaled-700x400.jpg\" height=\"400\" width=\"700\" alt=\"\" class=\"slider-740 slide-952\" title=\"IMG_0011\" \/><\/li>\n                <li style=\"display: none; width: 100%;\" class=\"slide-953 ms-image \" aria-roledescription=\"slide\" aria-label=\"slide-953\"><img loading=\"lazy\" decoding=\"async\" src=\"https:\/\/liskiava.lt\/wordpress_V\/wp-content\/uploads\/2024\/02\/IMG_0012-scaled-700x400.jpg\" height=\"400\" width=\"700\" alt=\"\" class=\"slider-740 slide-953\" title=\"IMG_0012\" \/><\/li>\n                <li style=\"display: none; width: 100%;\" class=\"slide-954 ms-image \" aria-roledescription=\"slide\" aria-label=\"slide-954\"><img loading=\"lazy\" decoding=\"async\" src=\"https:\/\/liskiava.lt\/wordpress_V\/wp-content\/uploads\/2024\/02\/IMG_0015-scaled-700x400.jpg\" height=\"400\" width=\"700\" alt=\"\" class=\"slider-740 slide-954\" title=\"IMG_0015\" \/><\/li>\n            <\/ul>\n        <\/div>\n        \n    <\/div>\n<\/div><\/div>\n<\/div>\n<\/div>\n\n\n\n<div class=\"wp-block-columns alignfull is-layout-flex wp-container-core-columns-layout-3 wp-block-columns-is-layout-flex\">\n<div class=\"wp-block-column is-layout-flow wp-block-column-is-layout-flow\" style=\"flex-basis:50%\"><\/div>\n\n\n\n<div class=\"wp-block-column is-layout-flow wp-block-column-is-layout-flow\" style=\"flex-basis:50%\">\n<div style=\"height:14px\" aria-hidden=\"true\" class=\"wp-block-spacer\"><\/div>\n<\/div>\n<\/div>\n","protected":false},"excerpt":{"rendered":"<p>Nakvyn\u0117 Vienuolyne Nuomojame 9 dvivie\u010dius ir 3 trivie\u010dius kambarius. Visuose kambariuose yra du\u0161as ir wc, darbo stalas, drabu\u017ei\u0173 spinta. Galima pasirinkti su atskiromis lovomis arba dvigule. Dvivie\u010dio kambario (atskiros lovos) nuoma parai \u2013 80,00 Eur. Dvivie\u010dio kambario (miegamojo lova) nuoma parai \u2013 80,00 Eur. Trivie\u010dio kambario (atskiros lovos) nuoma parai \u2013 100,00 Eur. Nakvyn\u0117 \u0160eimyntrob\u0117je<a class=\"more-link\" href=\"https:\/\/liskiava.lt\/wordpress_V\/apgyvendinimas\/\">Continue reading <span class=\"screen-reader-text\">&#8222;Apgyvendinimas&#8221;<\/span><\/a><\/p>\n","protected":false},"author":108388575,"featured_media":0,"parent":0,"menu_order":0,"comment_status":"closed","ping_status":"closed","template":"","meta":{"footnotes":""},"_links":{"self":[{"href":"https:\/\/liskiava.lt\/wordpress_V\/wp-json\/wp\/v2\/pages\/227"}],"collection":[{"href":"https:\/\/liskiava.lt\/wordpress_V\/wp-json\/wp\/v2\/pages"}],"about":[{"href":"https:\/\/liskiava.lt\/wordpress_V\/wp-json\/wp\/v2\/types\/page"}],"author":[{"embeddable":true,"href":"https:\/\/liskiava.lt\/wordpress_V\/wp-json\/wp\/v2\/users\/108388575"}],"replies":[{"embeddable":true,"href":"https:\/\/liskiava.lt\/wordpress_V\/wp-json\/wp\/v2\/comments?post=227"}],"version-history":[{"count":41,"href":"https:\/\/liskiava.lt\/wordpress_V\/wp-json\/wp\/v2\/pages\/227\/revisions"}],"predecessor-version":[{"id":1028,"href":"https:\/\/liskiava.lt\/wordpress_V\/wp-json\/wp\/v2\/pages\/227\/revisions\/1028"}],"wp:attachment":[{"href":"https:\/\/liskiava.lt\/wordpress_V\/wp-json\/wp\/v2\/media?parent=227"}],"curies":[{"name":"wp","href":"https:\/\/api.w.org\/{rel}","templated":true}]}}