{"id":224,"date":"2023-05-15T11:49:55","date_gmt":"2023-05-15T09:49:55","guid":{"rendered":"https:\/\/liskiava.lt\/wordpress_V\/?page_id=224"},"modified":"2026-01-29T12:22:28","modified_gmt":"2026-01-29T10:22:28","slug":"maitinimas","status":"publish","type":"page","link":"https:\/\/liskiava.lt\/wordpress_V\/maitinimas\/","title":{"rendered":"Maitinimas"},"content":{"rendered":"\n<div class=\"wp-block-columns alignfull are-vertically-aligned-center is-layout-flex wp-container-core-columns-layout-1 wp-block-columns-is-layout-flex\">\n<div class=\"wp-block-column is-layout-flow wp-block-column-is-layout-flow\" style=\"flex-basis:50%\">\n<div class=\"alignnormal\"><div id=\"metaslider-id-840\" style=\"width: 100%;\" class=\"ml-slider-3-61-0 metaslider metaslider-flex metaslider-840 ml-slider ms-theme-default\" role=\"region\" aria-roledescription=\"Slideshow\" aria-label=\"Maitinimas\">\n    <div id=\"metaslider_container_840\">\n        <div id=\"metaslider_840\">\n            <ul aria-live=\"polite\" class=\"slides\">\n                <li style=\"display: block; width: 100%;\" class=\"slide-841 ms-image \" aria-roledescription=\"slide\" aria-label=\"slide-841\"><img loading=\"lazy\" decoding=\"async\" src=\"https:\/\/liskiava.lt\/wordpress_V\/wp-content\/uploads\/2024\/01\/017-701x400.jpg\" height=\"400\" width=\"701\" alt=\"\" class=\"slider-840 slide-841\" title=\"017\" \/><\/li>\n                <li style=\"display: none; width: 100%;\" class=\"slide-842 ms-image \" aria-roledescription=\"slide\" aria-label=\"slide-842\"><img loading=\"lazy\" decoding=\"async\" src=\"https:\/\/liskiava.lt\/wordpress_V\/wp-content\/uploads\/2024\/01\/016-701x400.jpg\" height=\"400\" width=\"701\" alt=\"\" class=\"slider-840 slide-842\" title=\"016\" \/><\/li>\n                <li style=\"display: none; width: 100%;\" class=\"slide-843 ms-image \" aria-roledescription=\"slide\" aria-label=\"slide-843\"><img loading=\"lazy\" decoding=\"async\" src=\"https:\/\/liskiava.lt\/wordpress_V\/wp-content\/uploads\/2024\/01\/20230520_173028-701x400.jpg\" height=\"400\" width=\"701\" alt=\"\" class=\"slider-840 slide-843\" title=\"20230520_173028\" \/><\/li>\n                <li style=\"display: none; width: 100%;\" class=\"slide-844 ms-image \" aria-roledescription=\"slide\" aria-label=\"slide-844\"><img loading=\"lazy\" decoding=\"async\" src=\"https:\/\/liskiava.lt\/wordpress_V\/wp-content\/uploads\/2024\/01\/img_4060-701x400.jpg\" height=\"400\" width=\"701\" alt=\"\" class=\"slider-840 slide-844\" title=\"IMG_4060\" \/><\/li>\n            <\/ul>\n        <\/div>\n        \n    <\/div>\n<\/div><\/div>\n<\/div>\n\n\n\n<div class=\"wp-block-column is-vertically-aligned-center is-layout-flow wp-block-column-is-layout-flow\" style=\"flex-basis:50%\">\n<h3 class=\"wp-block-heading has-text-align-center\"><strong>Gedulingi piet\u016bs<\/strong>\u2013&nbsp;<em>asmeniui:<\/em><\/h3>\n\n\n\n<h3 class=\"wp-block-heading has-text-align-center\">Tik kar\u0161tas patiekalas, kava, arbata-<em> 18,00<\/em><\/h3>\n\n\n\n<h3 class=\"wp-block-heading has-text-align-center\">Su \u0161altais u\u017ekand\u017eiais 22,00-24<em>,00 Eur.&nbsp;<\/em><\/h3>\n\n\n\n<h3 class=\"wp-block-heading has-text-align-center\"><strong>Kompleksiniai piet\u016bs \u2013<\/strong>\u00a0<em>asmeniui 17,00 Eur. ( Bar\u0161\u010di\u0173 sriuba su baravykais, kugelis, kava, arbata, gira ir naminis obuoli\u0173 pyragas)<\/em><\/h3>\n\n\n\n<h3 class=\"wp-block-heading has-text-align-center\"><strong>Kompleksiniai piet\u016bs \u2013<\/strong>\u00a0<em>asmeniui 20,00 Eur. ( Bar\u0161\u010di\u0173 sriuba su baravykais, vi\u0161tienos\/kiaulienos kepsnys ar maltinukas, kava, arbata, gira ir naminis obuoli\u0173 pyragas)<\/em><\/h3>\n\n\n\n<h3 class=\"wp-block-heading has-text-align-center\"><strong>\u0160ventin\u0117 vakarien\u0117 nuo\u00a0<em>50,00<\/em><\/strong><em>\u00a0( pasirenkant pagal meniu)<\/em><\/h3>\n\n\n\n<h3 class=\"wp-block-heading has-text-align-center\"><strong>Vieno k\u0105snio sumu\u0161tiniai&nbsp;<\/strong><em>(pasirenkama pagal pateikt\u0105 pasi\u016blym\u0105)<\/em><\/h3>\n<\/div>\n<\/div>\n","protected":false},"excerpt":{"rendered":"<p>Gedulingi piet\u016bs\u2013&nbsp;asmeniui: Tik kar\u0161tas patiekalas, kava, arbata- 18,00 Su \u0161altais u\u017ekand\u017eiais 22,00-24,00 Eur.&nbsp; Kompleksiniai piet\u016bs \u2013\u00a0asmeniui 17,00 Eur. ( Bar\u0161\u010di\u0173 sriuba su baravykais, kugelis, kava, arbata, gira ir naminis obuoli\u0173 pyragas) Kompleksiniai piet\u016bs \u2013\u00a0asmeniui 20,00 Eur. ( Bar\u0161\u010di\u0173 sriuba su baravykais, vi\u0161tienos\/kiaulienos kepsnys ar maltinukas, kava, arbata, gira ir naminis obuoli\u0173 pyragas) \u0160ventin\u0117 vakarien\u0117 nuo\u00a050,00\u00a0(<a class=\"more-link\" href=\"https:\/\/liskiava.lt\/wordpress_V\/maitinimas\/\">Continue reading <span class=\"screen-reader-text\">&#8222;Maitinimas&#8221;<\/span><\/a><\/p>\n","protected":false},"author":108388575,"featured_media":0,"parent":0,"menu_order":0,"comment_status":"closed","ping_status":"closed","template":"","meta":{"footnotes":""},"_links":{"self":[{"href":"https:\/\/liskiava.lt\/wordpress_V\/wp-json\/wp\/v2\/pages\/224"}],"collection":[{"href":"https:\/\/liskiava.lt\/wordpress_V\/wp-json\/wp\/v2\/pages"}],"about":[{"href":"https:\/\/liskiava.lt\/wordpress_V\/wp-json\/wp\/v2\/types\/page"}],"author":[{"embeddable":true,"href":"https:\/\/liskiava.lt\/wordpress_V\/wp-json\/wp\/v2\/users\/108388575"}],"replies":[{"embeddable":true,"href":"https:\/\/liskiava.lt\/wordpress_V\/wp-json\/wp\/v2\/comments?post=224"}],"version-history":[{"count":13,"href":"https:\/\/liskiava.lt\/wordpress_V\/wp-json\/wp\/v2\/pages\/224\/revisions"}],"predecessor-version":[{"id":1038,"href":"https:\/\/liskiava.lt\/wordpress_V\/wp-json\/wp\/v2\/pages\/224\/revisions\/1038"}],"wp:attachment":[{"href":"https:\/\/liskiava.lt\/wordpress_V\/wp-json\/wp\/v2\/media?parent=224"}],"curies":[{"name":"wp","href":"https:\/\/api.w.org\/{rel}","templated":true}]}}