{"id":221,"date":"2023-05-15T11:49:53","date_gmt":"2023-05-15T09:49:53","guid":{"rendered":"https:\/\/liskiava.lt\/wordpress_V\/?page_id=221"},"modified":"2025-09-03T16:20:19","modified_gmt":"2025-09-03T13:20:19","slug":"ekspozicijos","status":"publish","type":"page","link":"https:\/\/liskiava.lt\/wordpress_V\/ekspozicijos\/","title":{"rendered":"Turistams"},"content":{"rendered":"\n<div class=\"wp-block-cover alignfull\" style=\"min-height:336px\"><span aria-hidden=\"true\" class=\"wp-block-cover__background has-background-dim\"><\/span><img loading=\"lazy\" decoding=\"async\" width=\"2048\" height=\"921\" class=\"wp-block-cover__image-background wp-image-186\" alt=\"\" src=\"https:\/\/liskiava.lt\/wordpress_V\/wp-content\/uploads\/2023\/05\/344756364_664411358783022_6606421638793620078_n.jpg\" style=\"object-position:53% 63%\" data-object-fit=\"cover\" data-object-position=\"53% 63%\"\/><div class=\"wp-block-cover__inner-container is-layout-constrained wp-block-cover-is-layout-constrained\">\n<p class=\"has-text-align-center has-huge-font-size\">Turistams<\/p>\n<\/div><\/div>\n\n\n\n<div style=\"height:48px\" aria-hidden=\"true\" class=\"wp-block-spacer\"><\/div>\n\n\n\n<div class=\"wp-block-group alignfull has-tertiary-background-color has-background is-layout-constrained wp-block-group-is-layout-constrained\" style=\"padding-top:0;padding-right:0;padding-bottom:0;padding-left:0\"><div class=\"wp-block-group__inner-container\">\n<div class=\"wp-block-columns alignfull is-layout-flex wp-container-core-columns-layout-1 wp-block-columns-is-layout-flex\">\n<div class=\"wp-block-column is-layout-flow wp-block-column-is-layout-flow\" style=\"flex-basis:10%\"><\/div>\n\n\n\n<div class=\"wp-block-column is-vertically-aligned-center is-layout-flow wp-block-column-is-layout-flow\" style=\"flex-basis:40%\">\n<h1 class=\"wp-block-heading has-text-align-center has-medium-font-size\" style=\"margin-right:var(--wp--preset--spacing--20);margin-left:var(--wp--preset--spacing--20)\">BA\u017dNY\u010cIOS IR LITURGINIO PAVELDO EKSPOZICIJOS LANKYMAS<\/h1>\n\n\n\n<p class=\"has-text-align-center\">Si\u016blome pa\u017eintin\u0119 ekskursij\u0105 po XVII a. vienuoli\u0173 dominikon\u0173 statyt\u0105 ba\u017eny\u010di\u0105, susipa\u017e\u012fstant su jos architekt\u016bra ir joje esan\u010diomis meno bei kult\u016bros paveldo vertyb\u0117mis. Gidas Jums pristatys Li\u0161kiavos kaimelio ir parapijos svarbiausius istorinius etapus, supa\u017eindins su XVII a. dominikon\u0173 atsiradimo ir gyvenimo Li\u0161kiavoje istorija, pristatys dabartinius Li\u0161kiavos architekt\u016brinio ansamblio gyvavimo detales.<\/p>\n\n\n\n<p>Ba\u017eny\u010dios r\u016bsyje turite galimyb\u0119 pamatyti palaidotus Li\u0161kiavos \u0160v\u010d. Trejyb\u0117s ba\u017eny\u010di\u0105 ir vienuolyn\u0105 sta\u010diusius vienuolius dominikonus atviruose stikliniuose karstuose.<\/p>\n\n\n\n<p class=\"has-text-align-center\">Vienuolyno r\u016bsyje aplankysite liturginio paveldo ekspozicij\u0105, kuri\u0105 sudaro: arnotai, stulos, cingulis, \u0161iomis dienomis jau nebenaudojamas \u2013 manipulis, klausykla, b\u016bgnas, procesij\u0173 \u017eibintai, klek\u1ebdtas, kal\u0117dai\u010di\u0173 gaminimo \u012frankis, tabernakulis, klauptas, smilkytuvas, mensa, prakart\u0117l\u0117, kry\u017eius, taur\u0117 ir patena, liturgin\u0117 pagalv\u0117l\u0117, pal\u0117, korporalas, kom\u00f9nin\u0117, cib\u00f2rija, biretas, monstrancija ir kt.<\/p>\n\n\n\n<p class=\"has-text-align-center\">Taip pat keli nelituginiai eksponatai: \u017eibalin\u0117 lempa, lygintuvas, pjautuvas javams, kal\u0117jimo durys, \u0161epetys linams \u0161luoti, Nemuno upe plaukiojusio \u017emogaus ekspozicijai padovanotas luotas ir kt.<\/p>\n<\/div>\n\n\n\n<div class=\"wp-block-column is-layout-flow wp-block-column-is-layout-flow\" style=\"flex-basis:40%\">\n<figure class=\"wp-block-image size-large is-resized\"><img loading=\"lazy\" decoding=\"async\" width=\"5184\" height=\"3456\" src=\"https:\/\/liskiava.lt\/wordpress_V\/wp-content\/uploads\/2023\/05\/img_2646.jpg?w=750\" alt=\"\" class=\"wp-image-129\" style=\"aspect-ratio:1.5009633911368014;width:584px;height:auto\"\/><\/figure>\n\n\n\n<figure class=\"wp-block-image size-large is-resized\"><img loading=\"lazy\" decoding=\"async\" width=\"768\" height=\"1024\" src=\"https:\/\/liskiava.lt\/wordpress_V\/wp-content\/uploads\/2024\/07\/34215745_2181833555176863_972630970932920320_n-768x1024.jpg\" alt=\"\" class=\"wp-image-1002\" style=\"width:284px;height:auto\" srcset=\"https:\/\/liskiava.lt\/wordpress_V\/wp-content\/uploads\/2024\/07\/34215745_2181833555176863_972630970932920320_n-768x1024.jpg 768w, https:\/\/liskiava.lt\/wordpress_V\/wp-content\/uploads\/2024\/07\/34215745_2181833555176863_972630970932920320_n-225x300.jpg 225w, https:\/\/liskiava.lt\/wordpress_V\/wp-content\/uploads\/2024\/07\/34215745_2181833555176863_972630970932920320_n-1152x1536.jpg 1152w, https:\/\/liskiava.lt\/wordpress_V\/wp-content\/uploads\/2024\/07\/34215745_2181833555176863_972630970932920320_n-1536x2048.jpg 1536w, https:\/\/liskiava.lt\/wordpress_V\/wp-content\/uploads\/2024\/07\/34215745_2181833555176863_972630970932920320_n-1568x2091.jpg 1568w, https:\/\/liskiava.lt\/wordpress_V\/wp-content\/uploads\/2024\/07\/34215745_2181833555176863_972630970932920320_n-scaled.jpg 1920w\" sizes=\"(max-width: 768px) 100vw, 768px\" \/><\/figure>\n\n\n\n<figure class=\"wp-block-image size-large is-resized\"><img loading=\"lazy\" decoding=\"async\" width=\"1024\" height=\"683\" src=\"https:\/\/liskiava.lt\/wordpress_V\/wp-content\/uploads\/2024\/07\/IMG_3369-1024x683.jpg\" alt=\"\" class=\"wp-image-1004\" style=\"width:551px;height:auto\" srcset=\"https:\/\/liskiava.lt\/wordpress_V\/wp-content\/uploads\/2024\/07\/IMG_3369-1024x683.jpg 1024w, https:\/\/liskiava.lt\/wordpress_V\/wp-content\/uploads\/2024\/07\/IMG_3369-300x200.jpg 300w, https:\/\/liskiava.lt\/wordpress_V\/wp-content\/uploads\/2024\/07\/IMG_3369-768x512.jpg 768w, https:\/\/liskiava.lt\/wordpress_V\/wp-content\/uploads\/2024\/07\/IMG_3369-1536x1024.jpg 1536w, https:\/\/liskiava.lt\/wordpress_V\/wp-content\/uploads\/2024\/07\/IMG_3369-2048x1365.jpg 2048w, https:\/\/liskiava.lt\/wordpress_V\/wp-content\/uploads\/2024\/07\/IMG_3369-1568x1045.jpg 1568w\" sizes=\"(max-width: 1024px) 100vw, 1024px\" \/><\/figure>\n<\/div>\n\n\n\n<div class=\"wp-block-column is-layout-flow wp-block-column-is-layout-flow\" style=\"flex-basis:10%\"><\/div>\n<\/div>\n<\/div><\/div>\n\n\n\n<div class=\"wp-block-columns alignfull has-background is-layout-flex wp-container-core-columns-layout-2 wp-block-columns-is-layout-flex\" style=\"background-color:#ededed\">\n<div class=\"wp-block-column is-layout-flow wp-block-column-is-layout-flow\" style=\"flex-basis:6.06%\"><\/div>\n\n\n\n<div class=\"wp-block-column is-vertically-aligned-center is-layout-flow wp-block-column-is-layout-flow\" style=\"flex-basis:80%\">\n<p class=\"has-text-align-center\"><strong>Ba\u017eny\u010dios r\u016bsi\u0173 ir ekspozicij\u0173 lankymo laikas ir biliet\u0173 kainos&nbsp;<\/strong>:<\/p>\n\n\n\n<p class=\"has-text-align-center has-medium-font-size\">3 Eur &#8211; suaugusiems<\/p>\n\n\n\n<p class=\"has-text-align-center\">1,50 Eur \u2013 Mokiniams ir studentams, ne\u012fgaliems asmenims, senjorams<\/p>\n\n\n\n<p class=\"has-text-align-center has-medium-font-size\">Nemokamai \u2013 vaikams iki 7 met\u0173;<\/p>\n\n\n\n<p class=\"has-text-align-center\"><strong>Gido paslaug\u0173 \u012fkainiai<\/strong>&nbsp;(lietuvi\u0173, rus\u0173 kalba) :<\/p>\n\n\n\n<p class=\"has-text-align-center\">Su savo gidu- 1 Eur. \/asm. infrastrukt\u016bros mokestis<\/p>\n\n\n\n<p class=\"has-text-align-center\">Iki 20 asm.- 30,00 Eur. (1 val.)<\/p>\n\n\n\n<div class=\"wp-block-group is-vertical is-content-justification-center is-layout-flex wp-container-core-group-layout-2 wp-block-group-is-layout-flex\">\n<p>Vir\u0161 20 asm.- 2 Eur. asmeniui<\/p>\n\n\n\n<p>Aplankyti galima nuo tre\u010diadienio iki sekmadienio nuo 12 iki 18 val.  <\/p>\n\n\n\n<p class=\"has-text-align-center\">D\u0117l kito aplankymo laiko pra\u0161ome paskambinti +37061066844<\/p>\n\n\n\n<p><\/p>\n<\/div>\n\n\n\n<p class=\"has-text-align-center\"><strong>Edukacin\u0117 programa \u201e Li\u0161kiavos lobio paie\u0161kos\u201c ( nuo 15 asm.) :<\/strong><\/p>\n\n\n\n<p class=\"has-text-align-center\">Moksleiviams &#8211; 3 Eur.<\/p>\n\n\n\n<p class=\"has-text-align-center\">Suaugusiems- 5 Eur.<\/p>\n\n\n\n<ol>\n<li><\/li>\n<\/ol>\n\n\n\n<p class=\"has-text-align-center\"><strong>PASTABA:<\/strong>&nbsp; Grup\u0117ms b\u016btina i\u0161ankstin\u0117 registracija el. pa\u0161tu- administracija@liskiava.lt arba tel. +370 610 66844 <\/p>\n\n\n\n<p class=\"has-text-align-center\">D\u0117l s\u0105skait\u0173 fakt\u016br\u0173 i\u0161ra\u0161ymo gid\u0105 \u012fsp\u0117kite i\u0161 anksto arba susisiekite su administracija.<\/p>\n<\/div>\n\n\n\n<div class=\"wp-block-column is-layout-flow wp-block-column-is-layout-flow\" style=\"flex-basis:10%\"><\/div>\n<\/div>\n\n\n\n<h2 class=\"wp-block-heading\"><\/h2>\n","protected":false},"excerpt":{"rendered":"<p>BA\u017dNY\u010cIOS IR LITURGINIO PAVELDO EKSPOZICIJOS LANKYMAS Si\u016blome pa\u017eintin\u0119 ekskursij\u0105 po XVII a. vienuoli\u0173 dominikon\u0173 statyt\u0105 ba\u017eny\u010di\u0105, susipa\u017e\u012fstant su jos architekt\u016bra ir joje esan\u010diomis meno bei kult\u016bros paveldo vertyb\u0117mis. Gidas Jums pristatys Li\u0161kiavos kaimelio ir parapijos svarbiausius istorinius etapus, supa\u017eindins su XVII a. dominikon\u0173 atsiradimo ir gyvenimo Li\u0161kiavoje istorija, pristatys dabartinius Li\u0161kiavos architekt\u016brinio ansamblio gyvavimo detales.<a class=\"more-link\" href=\"https:\/\/liskiava.lt\/wordpress_V\/ekspozicijos\/\">Continue reading <span class=\"screen-reader-text\">&#8222;Turistams&#8221;<\/span><\/a><\/p>\n","protected":false},"author":108388575,"featured_media":0,"parent":0,"menu_order":0,"comment_status":"closed","ping_status":"closed","template":"","meta":{"footnotes":""},"_links":{"self":[{"href":"https:\/\/liskiava.lt\/wordpress_V\/wp-json\/wp\/v2\/pages\/221"}],"collection":[{"href":"https:\/\/liskiava.lt\/wordpress_V\/wp-json\/wp\/v2\/pages"}],"about":[{"href":"https:\/\/liskiava.lt\/wordpress_V\/wp-json\/wp\/v2\/types\/page"}],"author":[{"embeddable":true,"href":"https:\/\/liskiava.lt\/wordpress_V\/wp-json\/wp\/v2\/users\/108388575"}],"replies":[{"embeddable":true,"href":"https:\/\/liskiava.lt\/wordpress_V\/wp-json\/wp\/v2\/comments?post=221"}],"version-history":[{"count":38,"href":"https:\/\/liskiava.lt\/wordpress_V\/wp-json\/wp\/v2\/pages\/221\/revisions"}],"predecessor-version":[{"id":1030,"href":"https:\/\/liskiava.lt\/wordpress_V\/wp-json\/wp\/v2\/pages\/221\/revisions\/1030"}],"wp:attachment":[{"href":"https:\/\/liskiava.lt\/wordpress_V\/wp-json\/wp\/v2\/media?parent=221"}],"curies":[{"name":"wp","href":"https:\/\/api.w.org\/{rel}","templated":true}]}}