{"id":22,"date":"2023-04-27T18:12:32","date_gmt":"2023-04-27T16:12:32","guid":{"rendered":"https:\/\/liskiava.lt\/wordpress_V\/?page_id=22"},"modified":"2024-03-24T19:56:48","modified_gmt":"2024-03-24T17:56:48","slug":"paslaugos","status":"publish","type":"page","link":"https:\/\/liskiava.lt\/wordpress_V\/paslaugos\/","title":{"rendered":"Paslaugos"},"content":{"rendered":"\n<p><\/p>\n\n\n\n<p><\/p>\n\n\n\n<div class=\"wp-block-cover alignfull is-light\" style=\"padding-top:var(--wp--preset--spacing--80);padding-right:var(--wp--preset--spacing--80);padding-bottom:var(--wp--preset--spacing--80);padding-left:var(--wp--preset--spacing--80);min-height:286px\"><span aria-hidden=\"true\" class=\"wp-block-cover__background has-background-dim\"><\/span><img loading=\"lazy\" decoding=\"async\" width=\"5184\" height=\"3456\" class=\"wp-block-cover__image-background wp-image-11\" alt=\"\" src=\"https:\/\/liskiava.lt\/wordpress_V\/wp-content\/uploads\/2023\/04\/img_2627.jpg\" style=\"object-position:48% 34%\" data-object-fit=\"cover\" data-object-position=\"48% 34%\"\/><div class=\"wp-block-cover__inner-container is-layout-constrained wp-block-cover-is-layout-constrained\">\n<h1 class=\"wp-block-heading has-text-align-center has-background-color has-text-color\" style=\"font-size:43px;font-style:normal;font-weight:700\">Paslaugos<\/h1>\n<\/div><\/div>\n\n\n\n<p><\/p>\n\n\n\n<div class=\"wp-block-columns alignfull has-background-background-color has-background is-layout-flex wp-container-core-columns-layout-1 wp-block-columns-is-layout-flex\">\n<div class=\"wp-block-column is-layout-flow wp-block-column-is-layout-flow\" style=\"flex-basis:15%\"><\/div>\n\n\n\n<div class=\"wp-block-column is-layout-flow wp-block-column-is-layout-flow\" style=\"flex-basis:35%\">\n<figure class=\"wp-block-image size-large\"><img loading=\"lazy\" decoding=\"async\" width=\"5184\" height=\"3456\" src=\"https:\/\/liskiava.lt\/wordpress_V\/wp-content\/uploads\/2023\/05\/img_2608.jpg?w=750\" alt=\"\" class=\"wp-image-131\"\/><\/figure>\n<\/div>\n\n\n\n<div class=\"wp-block-column is-vertically-aligned-center is-layout-flow wp-block-column-is-layout-flow\" style=\"flex-basis:45%\">\n<h1 class=\"wp-block-heading has-text-align-center\" style=\"margin-top:0px\">Ekspozicijos<\/h1>\n\n\n\n<p class=\"has-text-align-center\">Si\u016blome pa\u017eintin\u0119 ekskursij\u0105 po XVII a. vienuoli\u0173 dominikon\u0173 statyt\u0105 ba\u017eny\u010di\u0105, susipa\u017e\u012fstant su jos architekt\u016bra ir joje esan\u010diomis meno bei kult\u016bros paveldo vertyb\u0117mis. Ba\u017eny\u010dios r\u016bsyje turite galimyb\u0119 pamatyti palaidotus Li\u0161kiavos \u0160v\u010d. Trejyb\u0117s ba\u017eny\u010di\u0105 ir vienuolyn\u0105 sta\u010diusius vienuolius dominikonus atviruose stikliniuose karstuose.<\/p>\n\n\n\n<div class=\"wp-block-buttons is-content-justification-center is-layout-flex wp-container-core-buttons-layout-1 wp-block-buttons-is-layout-flex\">\n<div class=\"wp-block-button\"><a class=\"wp-block-button__link has-primary-background-color has-background wp-element-button\" href=\"https:\/\/liskiava.lt\/wordpress_V\/ekspozicijos\/\">Pla\u010diau<\/a><\/div>\n<\/div>\n<\/div>\n\n\n\n<div class=\"wp-block-column is-layout-flow wp-block-column-is-layout-flow\" style=\"flex-basis:15%\"><\/div>\n<\/div>\n\n\n\n<div class=\"wp-block-columns alignfull has-background is-layout-flex wp-container-core-columns-layout-2 wp-block-columns-is-layout-flex\" style=\"background-color:#eeecec\">\n<div class=\"wp-block-column is-layout-flow wp-block-column-is-layout-flow\" style=\"flex-basis:10%\"><\/div>\n\n\n\n<div class=\"wp-block-column is-vertically-aligned-center is-layout-flow wp-block-column-is-layout-flow\" style=\"flex-basis:40%\">\n<h1 class=\"wp-block-heading has-text-align-center\" style=\"margin-top:0px\">Apgyvendinimas<\/h1>\n\n\n\n<p class=\"has-text-align-center\" style=\"margin-right:var(--wp--preset--spacing--20);margin-left:var(--wp--preset--spacing--20)\">V\u0161\u012e Li\u0161kiavos kult\u016bros centre teikiamos trumpalaikio apgyvendinimo paslaugos. \u012e nakvyn\u0117s kain\u0105 \u012fskai\u010diuoti pusry\u010diai. Grup\u0117ms taikomos nuolaidos. Galime suteikti nakvyn\u0117s paslaugas 75 asmenims.<\/p>\n\n\n\n<div class=\"wp-block-buttons is-content-justification-center is-layout-flex wp-container-core-buttons-layout-2 wp-block-buttons-is-layout-flex\">\n<div class=\"wp-block-button\"><a class=\"wp-block-button__link has-primary-background-color has-background wp-element-button\" href=\"https:\/\/liskiava.lt\/wordpress_V\/apgyvendinimas\/\">Pla\u010diau<\/a><\/div>\n<\/div>\n<\/div>\n\n\n\n<div class=\"wp-block-column is-layout-flow wp-block-column-is-layout-flow\" style=\"flex-basis:50%\">\n<figure class=\"wp-block-image size-large\"><img loading=\"lazy\" decoding=\"async\" width=\"5184\" height=\"3456\" src=\"https:\/\/liskiava.lt\/wordpress_V\/wp-content\/uploads\/2023\/04\/img_2595.jpg?w=750\" alt=\"\" class=\"wp-image-8\"\/><\/figure>\n<\/div>\n\n\n\n<div class=\"wp-block-column is-layout-flow wp-block-column-is-layout-flow\" style=\"flex-basis:10%\"><\/div>\n<\/div>\n\n\n\n<div class=\"wp-block-columns alignfull has-background-background-color has-background is-layout-flex wp-container-core-columns-layout-3 wp-block-columns-is-layout-flex\">\n<div class=\"wp-block-column is-layout-flow wp-block-column-is-layout-flow\" style=\"flex-basis:15%\"><\/div>\n\n\n\n<div class=\"wp-block-column is-layout-flow wp-block-column-is-layout-flow\" style=\"flex-basis:35%\">\n<figure class=\"wp-block-image size-large\"><img loading=\"lazy\" decoding=\"async\" width=\"2048\" height=\"1365\" src=\"https:\/\/liskiava.lt\/wordpress_V\/wp-content\/uploads\/2023\/05\/guphotography-111.jpg?w=1024\" alt=\"\" class=\"wp-image-382\"\/><\/figure>\n<\/div>\n\n\n\n<div class=\"wp-block-column is-vertically-aligned-center is-layout-flow wp-block-column-is-layout-flow\" style=\"flex-basis:35%\">\n<h1 class=\"wp-block-heading has-text-align-center\" style=\"margin-top:0px\">Maitinimas<\/h1>\n\n\n\n<p class=\"has-text-align-center\" style=\"padding-top:0;padding-right:var(--wp--preset--spacing--20);padding-bottom:0;padding-left:var(--wp--preset--spacing--20)\">Turistiniai piet\u016bs, gedulingi piet\u016bs ar vai\u0161\u0117s j\u016bs\u0173 asmenin\u0117ms \u0161vent\u0117ms su pasirinktais patiekalais ir u\u017ekandukais. Vasaros metu veikia lauko baras, kur gal\u0117site atsigaivinti \u0161alta dominikoni\u0161ka gira, ledais ir kokteiliais.<\/p>\n\n\n\n<div class=\"wp-block-buttons is-content-justification-center is-layout-flex wp-container-core-buttons-layout-3 wp-block-buttons-is-layout-flex\">\n<div class=\"wp-block-button\"><a class=\"wp-block-button__link has-primary-background-color has-background wp-element-button\" href=\"https:\/\/liskiava.lt\/wordpress_V\/maitinimas\/\">Pla\u010diau<\/a><\/div>\n<\/div>\n<\/div>\n\n\n\n<div class=\"wp-block-column is-layout-flow wp-block-column-is-layout-flow\" style=\"flex-basis:15%\"><\/div>\n<\/div>\n\n\n\n<div class=\"wp-block-columns alignfull has-background is-layout-flex wp-container-core-columns-layout-4 wp-block-columns-is-layout-flex\" style=\"background-color:#eeecec\">\n<div class=\"wp-block-column is-layout-flow wp-block-column-is-layout-flow\" style=\"flex-basis:10%\"><\/div>\n\n\n\n<div class=\"wp-block-column is-vertically-aligned-center is-layout-flow wp-block-column-is-layout-flow\" style=\"flex-basis:50%\">\n<h1 class=\"wp-block-heading has-text-align-center\" style=\"margin-top:0px\">Kitos paslaugos<\/h1>\n\n\n\n<p class=\"has-text-align-center\">Teritorijos nuoma j\u016bs\u0173 \u0161vent\u0117ms, fotosesijoms. Konferencij\u0173 ir kit\u0173 \u012fvairi\u0173 dyd\u017ei\u0173 sali\u0173 nuoma. Rengini\u0173, konferencij\u0173, rekolekcij\u0173 organizavimas, ind\u0173 bei dekoracij\u0173 nuoma, lauko staliukai ir aptarnavimas.<\/p>\n\n\n\n<div class=\"wp-block-buttons is-content-justification-center is-layout-flex wp-container-core-buttons-layout-4 wp-block-buttons-is-layout-flex\">\n<div class=\"wp-block-button\"><a class=\"wp-block-button__link has-primary-background-color has-background wp-element-button\" href=\"https:\/\/liskiava.lt\/wordpress_V\/kitos-paslaugos\/\">Pla\u010diau<\/a><\/div>\n<\/div>\n<\/div>\n\n\n\n<div class=\"wp-block-column is-layout-flow wp-block-column-is-layout-flow\" style=\"flex-basis:50%\">\n<figure class=\"wp-block-image size-large\"><img loading=\"lazy\" decoding=\"async\" width=\"2048\" height=\"1365\" src=\"https:\/\/liskiava.lt\/wordpress_V\/wp-content\/uploads\/2023\/05\/guphotography-002-1.jpg?w=1024\" alt=\"\" class=\"wp-image-384\"\/><\/figure>\n<\/div>\n\n\n\n<div class=\"wp-block-column is-layout-flow wp-block-column-is-layout-flow\" style=\"flex-basis:10%\"><\/div>\n<\/div>\n","protected":false},"excerpt":{"rendered":"<p>Ekspozicijos Si\u016blome pa\u017eintin\u0119 ekskursij\u0105 po XVII a. vienuoli\u0173 dominikon\u0173 statyt\u0105 ba\u017eny\u010di\u0105, susipa\u017e\u012fstant su jos architekt\u016bra ir joje esan\u010diomis meno bei kult\u016bros paveldo vertyb\u0117mis. Ba\u017eny\u010dios r\u016bsyje turite galimyb\u0119 pamatyti palaidotus Li\u0161kiavos \u0160v\u010d. Trejyb\u0117s ba\u017eny\u010di\u0105 ir vienuolyn\u0105 sta\u010diusius vienuolius dominikonus atviruose stikliniuose karstuose. Apgyvendinimas V\u0161\u012e Li\u0161kiavos kult\u016bros centre teikiamos trumpalaikio apgyvendinimo paslaugos. \u012e nakvyn\u0117s kain\u0105 \u012fskai\u010diuoti pusry\u010diai.<a class=\"more-link\" href=\"https:\/\/liskiava.lt\/wordpress_V\/paslaugos\/\">Continue reading <span class=\"screen-reader-text\">&#8222;Paslaugos&#8221;<\/span><\/a><\/p>\n","protected":false},"author":108388575,"featured_media":0,"parent":0,"menu_order":0,"comment_status":"closed","ping_status":"closed","template":"","meta":{"footnotes":""},"_links":{"self":[{"href":"https:\/\/liskiava.lt\/wordpress_V\/wp-json\/wp\/v2\/pages\/22"}],"collection":[{"href":"https:\/\/liskiava.lt\/wordpress_V\/wp-json\/wp\/v2\/pages"}],"about":[{"href":"https:\/\/liskiava.lt\/wordpress_V\/wp-json\/wp\/v2\/types\/page"}],"author":[{"embeddable":true,"href":"https:\/\/liskiava.lt\/wordpress_V\/wp-json\/wp\/v2\/users\/108388575"}],"replies":[{"embeddable":true,"href":"https:\/\/liskiava.lt\/wordpress_V\/wp-json\/wp\/v2\/comments?post=22"}],"version-history":[{"count":28,"href":"https:\/\/liskiava.lt\/wordpress_V\/wp-json\/wp\/v2\/pages\/22\/revisions"}],"predecessor-version":[{"id":991,"href":"https:\/\/liskiava.lt\/wordpress_V\/wp-json\/wp\/v2\/pages\/22\/revisions\/991"}],"wp:attachment":[{"href":"https:\/\/liskiava.lt\/wordpress_V\/wp-json\/wp\/v2\/media?parent=22"}],"curies":[{"name":"wp","href":"https:\/\/api.w.org\/{rel}","templated":true}]}}