{"id":18,"date":"2023-04-27T18:02:14","date_gmt":"2023-04-27T16:02:14","guid":{"rendered":"https:\/\/liskiava.lt\/wordpress_V\/?page_id=18"},"modified":"2024-04-10T16:58:48","modified_gmt":"2024-04-10T13:58:48","slug":"home","status":"publish","type":"page","link":"https:\/\/liskiava.lt\/wordpress_V\/","title":{"rendered":"Pradinis"},"content":{"rendered":"\n<div class=\"wp-block-cover alignfull is-light has-custom-content-position is-position-top-center\" style=\"padding-top:var(--wp--preset--spacing--70);padding-bottom:var(--wp--preset--spacing--70);min-height:1022px\"><span aria-hidden=\"true\" class=\"wp-block-cover__background has-foreground-background-color has-background-dim-40 has-background-dim\"><\/span><img loading=\"lazy\" decoding=\"async\" width=\"2720\" height=\"1530\" class=\"wp-block-cover__image-background wp-image-438\" alt=\"\" src=\"https:\/\/liskiava.lt\/wordpress_V\/wp-content\/uploads\/2023\/07\/liskiava.004.png\" style=\"object-position:35% 73%\" data-object-fit=\"cover\" data-object-position=\"35% 73%\"\/><div class=\"wp-block-cover__inner-container is-layout-flow wp-block-cover-is-layout-flow\">\n<h2 class=\"wp-block-heading alignfull has-text-align-center has-background-color has-text-color\" style=\"font-size:38px\">Li\u0161kiavos \u0160v\u010d. Trejyb\u0117s ba\u017eny\u010dios ir dominikon\u0173 vienuolyno ansamblis<\/h2>\n\n\n\n<p class=\"has-text-align-center has-background-color has-text-color has-medium-font-size\">V\u0161\u012e Li\u0161kiavos parapijos centras jums pasi\u016blys maitinimo, apgyvendinimo, sali\u0173, kiemeli\u0173 nuomos ir gido paslaugas. Lankytojai kvie\u010diami aplankyti \u0160v\u010d. Trejyb\u0117s ba\u017eny\u010di\u0105, r\u016bsius ir liturginio paveldo ekspozicij\u0105.<\/p>\n\n\n\n<div class=\"wp-block-button aligncenter\"><a class=\"wp-block-button__link has-foreground-dark-color has-background-background-color has-text-color has-background wp-element-button\" href=\"https:\/\/liskiava.lt\/wordpress_V\/paslaugos\/\">Visos paslaugos<\/a><\/div>\n<\/div><\/div>\n\n\n\n<div class=\"wp-block-group alignwide is-layout-flow wp-block-group-is-layout-flow\"><div class=\"wp-block-group__inner-container\">\n<div class=\"wp-block-group alignfull is-layout-flow wp-block-group-is-layout-flow\" style=\"padding-top:0;padding-right:0;padding-bottom:0;padding-left:0\"><div class=\"wp-block-group__inner-container\">\n<div style=\"height:15px\" aria-hidden=\"true\" class=\"wp-block-spacer\"><\/div>\n\n\n\n<h2 class=\"wp-block-heading alignwide has-text-align-center\">Li\u0161kiavos vienuolyno ansamblis jums si\u016blo:<\/h2>\n\n\n\n<div class=\"wp-block-columns alignwide is-layout-flex wp-container-core-columns-layout-1 wp-block-columns-is-layout-flex\">\n<div class=\"wp-block-column is-vertically-aligned-top is-layout-flow wp-block-column-is-layout-flow\"><div class=\"wp-block-image\">\n<figure class=\"aligncenter size-medium has-custom-border\"><a href=\"https:\/\/liskiava.lt\/wordpress_V\/ekspozicijos\/\"><img loading=\"lazy\" decoding=\"async\" width=\"357\" height=\"357\" src=\"https:\/\/liskiava.lt\/wordpress_V\/wp-content\/uploads\/2023\/04\/ekspo.png?w=300\" alt=\"\" class=\"wp-image-63\" style=\"border-style:none;border-width:0px\"\/><\/a><\/figure><\/div>\n\n\n<h4 class=\"wp-block-heading has-text-align-center\">EKSPOZICIJOS<\/h4>\n\n\n\n<p class=\"has-text-align-center\">J\u016bs\u0173 laukia ekspozicijos ba\u017eny\u010dios r\u016bsiuose ir \u012frengtame muziejuje<\/p>\n<\/div>\n\n\n\n<div class=\"wp-block-column is-layout-flow wp-block-column-is-layout-flow\"><div class=\"wp-block-image\">\n<figure class=\"aligncenter size-medium wp-duotone-unset-1\"><a href=\"https:\/\/liskiava.lt\/wordpress_V\/maitinimas\/\"><img loading=\"lazy\" decoding=\"async\" width=\"357\" height=\"357\" src=\"https:\/\/liskiava.lt\/wordpress_V\/wp-content\/uploads\/2023\/04\/maitinimas.png?w=300\" alt=\"\" class=\"wp-image-65\"\/><\/a><\/figure><\/div>\n\n\n<h4 class=\"wp-block-heading has-text-align-center\">MAITINIMAS<\/h4>\n\n\n\n<p class=\"has-text-align-center\">M\u016bs\u0173 restorano maitinimas iki 120 asmen\u0173. Sezono metu veikia lauko kavin\u0117<\/p>\n<\/div>\n\n\n\n<div class=\"wp-block-column is-layout-flow wp-block-column-is-layout-flow\"><div class=\"wp-block-image\">\n<figure class=\"aligncenter size-medium\"><a href=\"https:\/\/liskiava.lt\/wordpress_V\/apgyvendinimas\/\"><img loading=\"lazy\" decoding=\"async\" width=\"357\" height=\"357\" src=\"https:\/\/liskiava.lt\/wordpress_V\/wp-content\/uploads\/2023\/04\/apgyvendinimas.png?w=300\" alt=\"\" class=\"wp-image-61\"\/><\/a><\/figure><\/div>\n\n\n<h4 class=\"wp-block-heading has-text-align-center\">APGYVENDINIMAS<\/h4>\n\n\n\n<p class=\"has-text-align-center\">Trumpalaikio apgyvendinimo paslauga jaukiuose kambariuose.<\/p>\n<\/div>\n<\/div>\n\n\n\n<div class=\"wp-block-columns alignwide is-layout-flex wp-container-core-columns-layout-2 wp-block-columns-is-layout-flex\">\n<div class=\"wp-block-column is-vertically-aligned-top is-layout-flow wp-block-column-is-layout-flow\"><div class=\"wp-block-image\">\n<figure class=\"aligncenter size-medium is-resized has-custom-border wp-duotone-unset-2\"><a href=\"https:\/\/liskiava.lt\/wordpress_V\/kitos-paslaugos\/\"><img loading=\"lazy\" decoding=\"async\" width=\"357\" height=\"357\" src=\"https:\/\/liskiava.lt\/wordpress_V\/wp-content\/uploads\/2023\/04\/organizavimas.png?w=300\" alt=\"\" class=\"wp-image-67\" style=\"border-style:none;border-width:0px;width:300px;height:300px\"\/><\/a><\/figure><\/div>\n\n\n<h4 class=\"wp-block-heading has-text-align-center\">RENGINI\u0172 ORGANIZAVIMAS<\/h4>\n\n\n\n<p class=\"has-text-align-center\">M\u016bs\u0173 komanda jums pad\u0117s suorganizuoti j\u016bs\u0173 konferencijas, renginius, rekolekcijas ar asmenines \u0161ventes.<\/p>\n<\/div>\n\n\n\n<div class=\"wp-block-column is-layout-flow wp-block-column-is-layout-flow\"><div class=\"wp-block-image\">\n<figure class=\"aligncenter size-medium is-resized wp-duotone-000000-rgb111102102-3\"><a href=\"https:\/\/liskiava.lt\/wordpress_V\/kitos-paslaugos\/\"><img loading=\"lazy\" decoding=\"async\" width=\"357\" height=\"357\" src=\"https:\/\/liskiava.lt\/wordpress_V\/wp-content\/uploads\/2023\/04\/aptarnavimas.png?w=300\" alt=\"\" class=\"wp-image-62\" style=\"width:300px;height:300px\"\/><\/a><\/figure><\/div>\n\n\n<h4 class=\"wp-block-heading has-text-align-center\">TERITORIJOS NUOMA<\/h4>\n\n\n\n<p class=\"has-text-align-center\">Teritorijos ir poilsio erdvi\u0173 nuoma j\u016bs\u0173 \u0161vent\u0117ms, fotosesijoms, renginiams.<\/p>\n<\/div>\n\n\n\n<div class=\"wp-block-column is-vertically-aligned-top is-layout-flow wp-block-column-is-layout-flow\"><div class=\"wp-block-image is-style-default\">\n<figure class=\"aligncenter size-medium has-custom-border wp-duotone-unset-4\"><a href=\"https:\/\/liskiava.lt\/wordpress_V\/kitos-paslaugos\/\"><img loading=\"lazy\" decoding=\"async\" width=\"357\" height=\"357\" src=\"https:\/\/liskiava.lt\/wordpress_V\/wp-content\/uploads\/2023\/04\/konferencijos.png?w=300\" alt=\"\" class=\"wp-image-64\" style=\"border-style:none;border-width:0px\"\/><\/a><\/figure><\/div>\n\n\n<h4 class=\"wp-block-heading has-text-align-center\">SALI\u0172 NUOMA<\/h4>\n\n\n\n<p class=\"has-text-align-center\">Konferencij\u0173, pokyli\u0173 ir kit\u0173 \u012fvairaus dyd\u017eio sali\u0173 nuoma, j\u016bs\u0173 seminarams ar asmenin\u0117ms \u0161vent\u0117ms<\/p>\n<\/div>\n<\/div>\n\n\n\n<div style=\"height:31px\" aria-hidden=\"true\" class=\"wp-block-spacer\"><\/div>\n<\/div><\/div>\n<\/div><\/div>\n\n\n\n<div class=\"wp-block-cover alignfull\"><span aria-hidden=\"true\" class=\"wp-block-cover__background has-background-dim-80 has-background-dim has-background-gradient\" style=\"background:linear-gradient(135deg,rgb(32,32,32) 0%,rgb(139,139,139) 98%)\"><\/span><div class=\"wp-block-cover__inner-container is-layout-constrained wp-block-cover-is-layout-constrained\">\n<p class=\"has-text-align-center has-large-font-size\"><strong><strong>Li\u0161kiavos \u0160v\u010d. Trejyb\u0117s ba\u017eny\u010dia<\/strong><\/strong><\/p>\n\n\n\n<div class=\"wp-block-media-text alignfull is-stacked-on-mobile\" style=\"grid-template-columns:53% auto\"><figure class=\"wp-block-media-text__media\"><img loading=\"lazy\" decoding=\"async\" width=\"5184\" height=\"3456\" src=\"https:\/\/liskiava.lt\/wordpress_V\/wp-content\/uploads\/2023\/04\/img_2627.jpg?w=750\" alt=\"\" class=\"wp-image-11 size-full\"\/><\/figure><div class=\"wp-block-media-text__content\">\n<p>Li\u0161kiavos ba\u017eny\u010dios ir dominikon\u0173 vienuolyno ansamblis yra XVII-XVIII a. architekt\u016bros paminklas. 1694 m. fundaciniu ra\u0161tu Vladislovas Jurgis Kosyla Li\u0161kiav\u0105 u\u017era\u0161\u0117 Lietuvos provincijos dominikon\u0173 vienuoliams. Po ilg\u0173 teismini\u0173 kov\u0173 su V. J. Kosylos \u017eentais vienuoliai ant stataus Nemuno kranto pastat\u0117 ba\u017eny\u010di\u0105 ir vienuolyn\u0105 (baigti m\u016bryti iki 1741 m.), prie kuri\u0173 \u0161liejosi \u016bkiniai pastatai, \u0161ventorius, kapinynas, sodas. Visi pastatai buvo aptverti auk\u0161ta m\u016bro tvora.<\/p>\n<\/div><\/div>\n\n\n\n<p>Po Tre\u010diojo Lietuvos-Lenkijos padalinimo Li\u0161kiava atiteko Pr\u016bsijai, o apleisti pastatai prad\u0117jo gri\u016bti. Apie 1830 m. Li\u0161kiavos vienuolyne buvo \u012fkurti kunig\u0173 demerit\u0173 (nusikaltusi\u0173 kunig\u0173) pataisos namai. V\u0117liau pastatai \u0117jo i\u0161 rank\u0173 \u012f rankas. 1920 m. Li\u0161kiavai tapus vals\u010diaus centru, vienuolyno kambariuose \u012fsik\u016br\u0117 ra\u0161tin\u0117, pa\u0161tas, smulki\u0173 preki\u0173 parduotuv\u0117. 1939 m. Alytaus apskrities savivaldyb\u0117s ir Vilkavi\u0161kio kurijos atstovai pasira\u0161\u0117 sutart\u012f d\u0117l turizmo centro \u012fk\u016brimo vienuolyno pastatuose. Ta\u010diau netrukus Li\u0161kiavos turizmo stovykla virto pab\u0117g\u0117li\u0173 i\u0161 Lenkijos stovykla.<\/p>\n\n\n\n<p>1941 m. vienuolyno pastat\u0105 per\u0117m\u0117 Alytaus komunalinio \u016bkio skyrius. 1946\u20131976 m. \u010dia veik\u0117 a\u0161tuonmet\u0117 mokykla. 1977 m. vienuolyno pastatai atiteko \u201eLelijos\u201c susivienijimui: buvusius vienuolyno centrinius r\u016bmus planuota pritaikyti pionieri\u0173 stovyklai \u2013 poilsio namams. 1991 m. \u0161\u012f projekt\u0105 teko pakoreguoti, nes dalis vienuolyno pastato atiteko klebonijai. 1990\u20131997 m. ba\u017eny\u010dia buvo restauruota, o jos po\u017eemiuose \u012frengtas muziejus su mumifikuotais palaikais. Daugiau apie parapij\u0105: liskiavosparapija.lt<\/p>\n<\/div><\/div>\n\n\n\n<div style=\"height:50px\" aria-hidden=\"true\" class=\"wp-block-spacer\"><\/div>\n\n\n\n<figure class=\"wp-block-gallery alignfull has-nested-images columns-3 is-cropped wp-block-gallery-5 is-layout-flex wp-block-gallery-is-layout-flex\">\n<figure class=\"wp-block-image size-full\"><img loading=\"lazy\" decoding=\"async\" width=\"2048\" height=\"1365\" data-id=\"626\" src=\"https:\/\/liskiava.lt\/wordpress_V\/wp-content\/uploads\/2024\/01\/guphotography-015.jpg\" alt=\"\" class=\"wp-image-626\"\/><\/figure>\n\n\n\n<figure class=\"wp-block-image size-large\"><img loading=\"lazy\" decoding=\"async\" width=\"5184\" height=\"3456\" data-id=\"11\" src=\"https:\/\/liskiava.lt\/wordpress_V\/wp-content\/uploads\/2023\/04\/img_2627.jpg?w=1024\" alt=\"\" class=\"wp-image-11\"\/><\/figure>\n\n\n\n<figure class=\"wp-block-image size-large\"><img loading=\"lazy\" decoding=\"async\" width=\"5184\" height=\"3456\" data-id=\"8\" src=\"https:\/\/liskiava.lt\/wordpress_V\/wp-content\/uploads\/2023\/04\/img_2595.jpg?w=1024\" alt=\"\" class=\"wp-image-8\"\/><\/figure>\n\n\n\n<figure class=\"wp-block-image size-full\"><img loading=\"lazy\" decoding=\"async\" width=\"5184\" height=\"3456\" data-id=\"439\" src=\"https:\/\/liskiava.lt\/wordpress_V\/wp-content\/uploads\/2023\/07\/hr.png\" alt=\"\" class=\"wp-image-439\"\/><\/figure>\n\n\n\n<figure class=\"wp-block-image size-large\"><img loading=\"lazy\" decoding=\"async\" width=\"2779\" height=\"4638\" data-id=\"128\" src=\"https:\/\/liskiava.lt\/wordpress_V\/wp-content\/uploads\/2023\/05\/img_2644.png?w=614\" alt=\"\" class=\"wp-image-128\"\/><\/figure>\n\n\n\n<figure class=\"wp-block-image size-large\"><img loading=\"lazy\" decoding=\"async\" width=\"5184\" height=\"3456\" data-id=\"129\" src=\"https:\/\/liskiava.lt\/wordpress_V\/wp-content\/uploads\/2023\/05\/img_2646.jpg?w=1024\" alt=\"\" class=\"wp-image-129\"\/><\/figure>\n\n\n\n<figure class=\"wp-block-image size-large\"><img loading=\"lazy\" decoding=\"async\" width=\"5010\" height=\"3260\" data-id=\"130\" src=\"https:\/\/liskiava.lt\/wordpress_V\/wp-content\/uploads\/2023\/05\/img_2731.png?w=1024\" alt=\"\" class=\"wp-image-130\"\/><\/figure>\n\n\n\n<figure class=\"wp-block-image size-large\"><img loading=\"lazy\" decoding=\"async\" width=\"5184\" height=\"3456\" data-id=\"131\" src=\"https:\/\/liskiava.lt\/wordpress_V\/wp-content\/uploads\/2023\/05\/img_2608.jpg?w=1024\" alt=\"\" class=\"wp-image-131\"\/><\/figure>\n<\/figure>\n\n\n\n<div style=\"height:50px\" aria-hidden=\"true\" class=\"wp-block-spacer\"><\/div>\n\n\n\n<div class=\"wp-block-cover alignfull\" style=\"min-height:580px\"><span aria-hidden=\"true\" class=\"wp-block-cover__background has-background-dim-70 has-background-dim\" style=\"background-color:#000000\"><\/span><img decoding=\"async\" class=\"wp-block-cover__image-background wp-image-41\" alt=\"\" src=\"https:\/\/liskiava.lt\/wordpress_V\/wp-content\/uploads\/2023\/04\/img_2597.jpg\" style=\"object-position:63% 42%\" data-object-fit=\"cover\" data-object-position=\"63% 42%\"\/><div class=\"wp-block-cover__inner-container is-layout-flow wp-block-cover-is-layout-flow\">\n<h6 class=\"wp-block-heading has-text-align-center\">Kontaktai: <\/h6>\n\n\n\n<p><strong>Direktorius \u2013 Vidmantas Striokas,&nbsp;<\/strong>tel. nr.: +370 686 02134,<strong>&nbsp;<\/strong>el. pa\u0161tas:&nbsp;<a href=\"mailto:lkc@liskiava.lt\">kvidass@gmail.com<\/a><\/p>\n\n\n\n<p><strong>Direktoriaus pavaduotoja, administrator<\/strong>\u0117&nbsp;Reda Kneizevi\u010dien\u0117, tel. nr.: +370 610 66844,&nbsp;&nbsp;el. pa\u0161tas:&nbsp;<a href=\"mailto:lkc@liskiava.lt\">administracija@liskiava.lt<\/a><\/p>\n\n\n\n<p>Adresas: Ba\u017eny\u010dios g. 7, Li\u0161kiava, Merkin\u0117s sen. Var\u0117nos sav. 65319<\/p>\n<\/div><\/div>\n\n\n","protected":false},"excerpt":{"rendered":"<p>Li\u0161kiavos vienuolyno ansamblis jums si\u016blo: EKSPOZICIJOS J\u016bs\u0173 laukia ekspozicijos ba\u017eny\u010dios r\u016bsiuose ir \u012frengtame muziejuje MAITINIMAS M\u016bs\u0173 restorano maitinimas iki 120 asmen\u0173. Sezono metu veikia lauko kavin\u0117 APGYVENDINIMAS Trumpalaikio apgyvendinimo paslauga jaukiuose kambariuose. RENGINI\u0172 ORGANIZAVIMAS M\u016bs\u0173 komanda jums pad\u0117s suorganizuoti j\u016bs\u0173 konferencijas, renginius, rekolekcijas ar asmenines \u0161ventes. TERITORIJOS NUOMA Teritorijos ir poilsio erdvi\u0173 nuoma j\u016bs\u0173 \u0161vent\u0117ms,<a class=\"more-link\" href=\"https:\/\/liskiava.lt\/wordpress_V\/\">Continue reading <span class=\"screen-reader-text\">&#8222;Pradinis&#8221;<\/span><\/a><\/p>\n","protected":false},"author":108388575,"featured_media":0,"parent":0,"menu_order":0,"comment_status":"closed","ping_status":"closed","template":"","meta":{"footnotes":""},"_links":{"self":[{"href":"https:\/\/liskiava.lt\/wordpress_V\/wp-json\/wp\/v2\/pages\/18"}],"collection":[{"href":"https:\/\/liskiava.lt\/wordpress_V\/wp-json\/wp\/v2\/pages"}],"about":[{"href":"https:\/\/liskiava.lt\/wordpress_V\/wp-json\/wp\/v2\/types\/page"}],"author":[{"embeddable":true,"href":"https:\/\/liskiava.lt\/wordpress_V\/wp-json\/wp\/v2\/users\/108388575"}],"replies":[{"embeddable":true,"href":"https:\/\/liskiava.lt\/wordpress_V\/wp-json\/wp\/v2\/comments?post=18"}],"version-history":[{"count":42,"href":"https:\/\/liskiava.lt\/wordpress_V\/wp-json\/wp\/v2\/pages\/18\/revisions"}],"predecessor-version":[{"id":999,"href":"https:\/\/liskiava.lt\/wordpress_V\/wp-json\/wp\/v2\/pages\/18\/revisions\/999"}],"wp:attachment":[{"href":"https:\/\/liskiava.lt\/wordpress_V\/wp-json\/wp\/v2\/media?parent=18"}],"curies":[{"name":"wp","href":"https:\/\/api.w.org\/{rel}","templated":true}]}}